{"id":4302,"date":"2024-09-26T11:23:57","date_gmt":"2024-09-26T14:23:57","guid":{"rendered":"https:\/\/centreforlocalprosperity.ca\/?page_id=4302"},"modified":"2026-03-16T13:18:32","modified_gmt":"2026-03-16T16:18:32","slug":"local-prosperity-conferences","status":"publish","type":"page","link":"https:\/\/centreforlocalprosperity.ca\/fr\/our-projects\/local-prosperity-conferences\/","title":{"rendered":"Conf\u00e9rences sur la prosp\u00e9rit\u00e9 locale"},"content":{"rendered":"<p>The Local Prosperity conferences in 2015 &amp; 2016 (the Centre for Local Prosperity&#8217;s namesake project) were our first projects undertaken as an organization. We incorporated as a non-profit in 2014, and got to work planning Local Prosperity 2015 in Annapolis Royal, Nova Scotia. The event was held again in Miramichi, New Brunswick in 2016. In August 2026, we are relaunching Local Prosperity as a hybrid festival-conference, with the best features of a conference &#8211; from keynote speakers to workshops, with the atmosphere of a festival, with live music and entertainment and all-ages programming! <\/p>\n\n\n\n<div class=\"wp-block-group alignwide has-palette-color-6-background-color has-background is-vertical is-content-justification-center is-layout-flex wp-container-core-group-is-layout-f6b10292 wp-block-group-is-layout-flex\" style=\"border-radius:20px;margin-top:0;margin-bottom:0;padding-top:30px;padding-right:72px;padding-bottom:30px;padding-left:72px\">\n<hr class=\"wp-block-separator has-text-color has-palette-color-6-color has-alpha-channel-opacity has-palette-color-6-background-color has-background is-style-wide\"\/>\n\n\n\n<h1 class=\"wp-block-heading has-text-align-center\">UPCOMING: <span style=\"color: var(--theme-palette-color-1, #1A5867);\" class=\"stk-highlight\"><a href=\"https:\/\/localprosperity.ca\/\" type=\"link\" id=\"https:\/\/localprosperity.ca\/\">LOCAL PROSPERITY 2026<\/a><\/span><\/h1>\n\n\n\n<div class=\"wp-block-stackable-feature stk-block-feature stk-block stk-7d49ac2 is-style-default\" data-v=\"2\" data-block-id=\"7d49ac2\"><style>.stk-7d49ac2 {--stk-feature-flex-wrap:nowrap !important;}<\/style><div class=\"stk-content-align stk-7d49ac2-column stk-container stk-7d49ac2-container stk--no-background stk--no-padding\"><div class=\"stk-inner-blocks stk-block-content stk-row\">\n<div class=\"wp-block-stackable-column stk-block-column stk-column stk-block stk-11ad994\" data-v=\"4\" data-block-id=\"11ad994\"><style>.stk-11ad994 {align-self:center !important;}<\/style><div class=\"stk-column-wrapper stk-block-column__content stk-container stk-11ad994-container stk--no-background stk--no-padding\"><div class=\"stk-block-content stk-inner-blocks stk-11ad994-inner-blocks\">\n<div class=\"wp-block-stackable-heading stk-block-heading stk-block-heading--v2 stk-block stk-be7b04a\" id=\"strong-local-prosperity-2026-strong-br-local-people-local-solutions\" data-block-id=\"be7b04a\"><style>.stk-be7b04a {margin-bottom:1px !important;}<\/style><h1 class=\"stk-block-heading__text\"><strong>LOCAL PROSPERITY 2026<\/strong><br>LOCAL PEOPLE, LOCAL SOLUTIONS<\/h1><\/div>\n\n\n\n<h2 class=\"wp-block-heading has-large-font-size\">festival\/conference hybrid<\/h2>\n\n\n\n<div class=\"wp-block-stackable-text stk-block-text stk-block stk-4dabd43\" data-block-id=\"4dabd43\"><p class=\"stk-block-text__text\">In August 2026, a decade after the most recent Local Prosperity conference, we relaunch in a hybrid format &#8211; festival\/conference! Click below to find out more.<\/p><\/div>\n\n\n\n<p><a href=\"http:\/\/www.localprosperity.ca\">LOCAL PROSPERITY EVENT WEBSITE &#8211; CLICK HERE!<\/a><\/p>\n<\/div><\/div><\/div>\n\n\n\n<div class=\"wp-block-stackable-column stk-block-column stk-column stk-block stk-10c00e0\" data-v=\"4\" data-block-id=\"10c00e0\"><style>.stk-10c00e0 {align-self:center !important;}<\/style><div class=\"stk-column-wrapper stk-block-column__content stk-container stk-10c00e0-container stk--no-background stk--no-padding\"><div class=\"stk-block-content stk-inner-blocks stk-10c00e0-inner-blocks\">\n<div class=\"wp-block-stackable-image stk-block-image stk-block stk-0c06d49\" data-block-id=\"0c06d49\"><figure><span class=\"stk-img-wrapper stk-image--shape-stretch\"><img loading=\"lazy\" decoding=\"async\" class=\"stk-img wp-image-6737\" src=\"https:\/\/centreforlocalprosperity.ca\/wp-content\/uploads\/2026\/03\/Local-Prosperity-2026-1-Instagram.jpg\" width=\"1080\" height=\"1350\" srcset=\"https:\/\/centreforlocalprosperity.ca\/wp-content\/uploads\/2026\/03\/Local-Prosperity-2026-1-Instagram.jpg 1080w, https:\/\/centreforlocalprosperity.ca\/wp-content\/uploads\/2026\/03\/Local-Prosperity-2026-1-Instagram-614x768.jpg 614w, https:\/\/centreforlocalprosperity.ca\/wp-content\/uploads\/2026\/03\/Local-Prosperity-2026-1-Instagram-819x1024.jpg 819w, https:\/\/centreforlocalprosperity.ca\/wp-content\/uploads\/2026\/03\/Local-Prosperity-2026-1-Instagram-768x960.jpg 768w, https:\/\/centreforlocalprosperity.ca\/wp-content\/uploads\/2026\/03\/Local-Prosperity-2026-1-Instagram-10x12.jpg 10w\" sizes=\"auto, (max-width: 1080px) 100vw, 1080px\" \/><\/span><\/figure><\/div>\n<\/div><\/div><\/div>\n<\/div><\/div><\/div>\n<\/div>\n\n\n\n<div class=\"wp-block-group alignwide has-palette-color-8-background-color has-background is-vertical is-content-justification-center is-layout-flex wp-container-core-group-is-layout-30288d37 wp-block-group-is-layout-flex\" style=\"border-radius:20px;padding-top:70px;padding-right:20px;padding-bottom:70px;padding-left:20px\">\n<figure class=\"wp-block-image aligncenter size-large is-resized\"><img loading=\"lazy\" decoding=\"async\" width=\"1024\" height=\"236\" src=\"https:\/\/centreforlocalprosperity.ca\/wp-content\/uploads\/2014\/07\/logocolour1-1024x236.jpg\" alt=\"\" class=\"wp-image-662\" style=\"object-fit:cover;width:590px;height:auto\" srcset=\"https:\/\/centreforlocalprosperity.ca\/wp-content\/uploads\/2014\/07\/logocolour1-1024x236.jpg 1024w, https:\/\/centreforlocalprosperity.ca\/wp-content\/uploads\/2014\/07\/logocolour1-300x69.jpg 300w, https:\/\/centreforlocalprosperity.ca\/wp-content\/uploads\/2014\/07\/logocolour1-1080x249.jpg 1080w\" sizes=\"auto, (max-width: 1024px) 100vw, 1024px\" \/><\/figure>\n\n\n\n<hr class=\"wp-block-separator has-text-color has-palette-color-6-color has-alpha-channel-opacity has-palette-color-6-background-color has-background is-style-wide\"\/>\n\n\n\n<h1 class=\"wp-block-heading has-text-align-center\"><span style=\"color: var(--theme-palette-color-1, #1A5867);\" class=\"stk-highlight\">Conf\u00e9rences pass\u00e9es<\/span><\/h1>\n\n\n<div class=\"wp-block-blocksy-query\" data-id=\"06668f00\"><div class=\"ct-posts-block\" data-prefix=\"project_archive\"><div class=\"entries\" data-archive=\"default\" data-layout=\"grid\" data-cards=\"cover\" data-hover=\"zoom-in\"><article class=\"entry-card card-content post-5666 project type-project status-publish has-post-thumbnail hentry tag-conference tag-localprosperity project-category-conferences\" ><a class=\"ct-media-container has-hover-effect\" href=\"https:\/\/centreforlocalprosperity.ca\/fr\/project\/local-prosperity-conference-2015-annapolis-royal\/\" aria-label=\"Local Prosperity 2015 (Annapolis royal)\"><img decoding=\"async\" width=\"768\" height=\"177\" src=\"https:\/\/centreforlocalprosperity.ca\/wp-content\/uploads\/2014\/07\/logocolour1.jpg\" class=\"attachment-medium_large size-medium_large wp-post-image\" alt=\"\" loading=\"lazy\" srcset=\"https:\/\/centreforlocalprosperity.ca\/wp-content\/uploads\/2014\/07\/logocolour1.jpg 3330w, https:\/\/centreforlocalprosperity.ca\/wp-content\/uploads\/2014\/07\/logocolour1-300x69.jpg 300w, https:\/\/centreforlocalprosperity.ca\/wp-content\/uploads\/2014\/07\/logocolour1-1024x236.jpg 1024w, https:\/\/centreforlocalprosperity.ca\/wp-content\/uploads\/2014\/07\/logocolour1-1080x249.jpg 1080w\" sizes=\"auto, (max-width: 768px) 100vw, 768px\" itemprop=\"image\" style=\"aspect-ratio: 3330\/769;\" \/><\/a><ul class=\"entry-meta\" data-type=\"simple:slash\" data-id=\"aWavme\" ><li class=\"meta-categories\" data-type=\"simple\"><a href=\"https:\/\/centreforlocalprosperity.ca\/fr\/project-category\/conferences\/\" rel=\"tag\" class=\"ct-term-48\">Conf\u00e9rences<\/a><\/li><\/ul><h2 class=\"entry-title\"><a href=\"https:\/\/centreforlocalprosperity.ca\/fr\/project\/local-prosperity-conference-2015-annapolis-royal\/\" rel=\"bookmark\">Local Prosperity 2015 (Annapolis royal)<\/a><\/h2><\/article><article class=\"entry-card card-content post-5670 project type-project status-publish has-post-thumbnail hentry tag-miramichi project-category-conferences\" ><a class=\"ct-media-container has-hover-effect\" href=\"https:\/\/centreforlocalprosperity.ca\/fr\/project\/local-prosperity-2016-miramichi\/\" aria-label=\"Local Prosperity 2016 (Miramichi, NB)\"><img decoding=\"async\" width=\"768\" height=\"177\" src=\"https:\/\/centreforlocalprosperity.ca\/wp-content\/uploads\/2014\/07\/logocolour1.jpg\" class=\"attachment-medium_large size-medium_large wp-post-image\" alt=\"\" loading=\"lazy\" srcset=\"https:\/\/centreforlocalprosperity.ca\/wp-content\/uploads\/2014\/07\/logocolour1.jpg 3330w, https:\/\/centreforlocalprosperity.ca\/wp-content\/uploads\/2014\/07\/logocolour1-300x69.jpg 300w, https:\/\/centreforlocalprosperity.ca\/wp-content\/uploads\/2014\/07\/logocolour1-1024x236.jpg 1024w, https:\/\/centreforlocalprosperity.ca\/wp-content\/uploads\/2014\/07\/logocolour1-1080x249.jpg 1080w\" sizes=\"auto, (max-width: 768px) 100vw, 768px\" itemprop=\"image\" style=\"aspect-ratio: 3330\/769;\" \/><\/a><ul class=\"entry-meta\" data-type=\"simple:slash\" data-id=\"aWavme\" ><li class=\"meta-categories\" data-type=\"simple\"><a href=\"https:\/\/centreforlocalprosperity.ca\/fr\/project-category\/conferences\/\" rel=\"tag\" class=\"ct-term-48\">Conf\u00e9rences<\/a><\/li><\/ul><h2 class=\"entry-title\"><a href=\"https:\/\/centreforlocalprosperity.ca\/fr\/project\/local-prosperity-2016-miramichi\/\" rel=\"bookmark\">Local Prosperity 2016 (Miramichi, NB)<\/a><\/h2><\/article><\/div><\/div><\/div>\n\n\n<div class=\"wp-block-stackable-button-group stk-block-button-group stk-block stk-f50f01b\" data-block-id=\"f50f01b\"><div class=\"stk-row stk-inner-blocks has-text-align-center stk-block-content stk-button-group\">\n<div class=\"wp-block-stackable-button stk-block-button stk-block stk-539c4b9\" data-block-id=\"539c4b9\"><style>.stk-539c4b9 .stk-button{border-top-left-radius:5px !important;border-top-right-radius:5px !important;border-bottom-right-radius:5px !important;border-bottom-left-radius:5px !important;}<\/style><a class=\"stk-link stk-button stk--hover-effect-scale\" href=\"https:\/\/centreforlocalprosperity.ca\/fr\/our-projects\/local-prosperity-conferences\/delegates\/\" target=\"_blank\" rel=\"noreferrer noopener\"><span class=\"stk-button__inner-text\">View Local Prosperity Conference Delegates List<\/span><\/a><\/div>\n<\/div><\/div>\n<\/div>\n\n\n\n<p><\/p>","protected":false},"excerpt":{"rendered":"<p>The Local Prosperity conferences in 2015 &amp; 2016 (the Centre for Local Prosperity&#8217;s namesake project) were our first projects undertaken as an organization. We incorporated as a non-profit in 2014, [&hellip;]<\/p>\n","protected":false},"author":20,"featured_media":0,"parent":5518,"menu_order":0,"comment_status":"closed","ping_status":"closed","template":"","meta":{"_acf_changed":false,"episode_type":"","audio_file":"","podmotor_file_id":"","podmotor_episode_id":"","cover_image":"","cover_image_id":"","duration":"","filesize":"","filesize_raw":"","date_recorded":"","explicit":"","block":"","itunes_episode_number":"","itunes_title":"","itunes_season_number":"","itunes_episode_type":"","footnotes":""},"class_list":["post-4302","page","type-page","status-publish","hentry"],"blocksy_meta":[],"acf":[],"yoast_head":"<!-- This site is optimized with the Yoast SEO plugin v27.3 - https:\/\/yoast.com\/product\/yoast-seo-wordpress\/ -->\n<title>Local Prosperity Conferences - Centre For Local Prosperity<\/title>\n<meta name=\"robots\" content=\"index, follow, max-snippet:-1, max-image-preview:large, max-video-preview:-1\" \/>\n<link rel=\"canonical\" href=\"https:\/\/centreforlocalprosperity.ca\/fr\/our-projects\/local-prosperity-conferences\/\" \/>\n<meta property=\"og:locale\" content=\"fr_CA\" \/>\n<meta property=\"og:type\" content=\"article\" \/>\n<meta property=\"og:title\" content=\"Local Prosperity Conferences - Centre For Local Prosperity\" \/>\n<meta property=\"og:description\" content=\"The Local Prosperity conferences in 2015 &amp; 2016 (the Centre for Local Prosperity&#8217;s namesake project) were our first projects undertaken as an organization. We incorporated as a non-profit in 2014, [&hellip;]\" \/>\n<meta property=\"og:url\" content=\"https:\/\/centreforlocalprosperity.ca\/fr\/our-projects\/local-prosperity-conferences\/\" \/>\n<meta property=\"og:site_name\" content=\"Centre For Local Prosperity\" \/>\n<meta property=\"article:modified_time\" content=\"2026-03-16T16:18:32+00:00\" \/>\n<meta property=\"og:image\" content=\"https:\/\/centreforlocalprosperity.ca\/wp-content\/uploads\/2026\/03\/Local-Prosperity-2026-1-Instagram.jpg\" \/>\n\t<meta property=\"og:image:width\" content=\"1080\" \/>\n\t<meta property=\"og:image:height\" content=\"1350\" \/>\n\t<meta property=\"og:image:type\" content=\"image\/jpeg\" \/>\n<meta name=\"twitter:label1\" content=\"Estimation du temps de lecture\" \/>\n\t<meta name=\"twitter:data1\" content=\"2 minutes\" \/>\n<script type=\"application\/ld+json\" class=\"yoast-schema-graph\">{\"@context\":\"https:\\\/\\\/schema.org\",\"@graph\":[{\"@type\":\"WebPage\",\"@id\":\"https:\\\/\\\/centreforlocalprosperity.ca\\\/our-projects\\\/local-prosperity-conferences\\\/\",\"url\":\"https:\\\/\\\/centreforlocalprosperity.ca\\\/our-projects\\\/local-prosperity-conferences\\\/\",\"name\":\"Local Prosperity Conferences - Centre For Local Prosperity\",\"isPartOf\":{\"@id\":\"https:\\\/\\\/centreforlocalprosperity.ca\\\/#website\"},\"primaryImageOfPage\":{\"@id\":\"https:\\\/\\\/centreforlocalprosperity.ca\\\/our-projects\\\/local-prosperity-conferences\\\/#primaryimage\"},\"image\":{\"@id\":\"https:\\\/\\\/centreforlocalprosperity.ca\\\/our-projects\\\/local-prosperity-conferences\\\/#primaryimage\"},\"thumbnailUrl\":\"https:\\\/\\\/centreforlocalprosperity.ca\\\/wp-content\\\/uploads\\\/2026\\\/03\\\/Local-Prosperity-2026-1-Instagram.jpg\",\"datePublished\":\"2024-09-26T14:23:57+00:00\",\"dateModified\":\"2026-03-16T16:18:32+00:00\",\"breadcrumb\":{\"@id\":\"https:\\\/\\\/centreforlocalprosperity.ca\\\/our-projects\\\/local-prosperity-conferences\\\/#breadcrumb\"},\"inLanguage\":\"fr-CA\",\"potentialAction\":[{\"@type\":\"ReadAction\",\"target\":[\"https:\\\/\\\/centreforlocalprosperity.ca\\\/our-projects\\\/local-prosperity-conferences\\\/\"]}]},{\"@type\":\"ImageObject\",\"inLanguage\":\"fr-CA\",\"@id\":\"https:\\\/\\\/centreforlocalprosperity.ca\\\/our-projects\\\/local-prosperity-conferences\\\/#primaryimage\",\"url\":\"https:\\\/\\\/centreforlocalprosperity.ca\\\/wp-content\\\/uploads\\\/2026\\\/03\\\/Local-Prosperity-2026-1-Instagram.jpg\",\"contentUrl\":\"https:\\\/\\\/centreforlocalprosperity.ca\\\/wp-content\\\/uploads\\\/2026\\\/03\\\/Local-Prosperity-2026-1-Instagram.jpg\"},{\"@type\":\"BreadcrumbList\",\"@id\":\"https:\\\/\\\/centreforlocalprosperity.ca\\\/our-projects\\\/local-prosperity-conferences\\\/#breadcrumb\",\"itemListElement\":[{\"@type\":\"ListItem\",\"position\":1,\"name\":\"Home\",\"item\":\"https:\\\/\\\/centreforlocalprosperity.ca\\\/\"},{\"@type\":\"ListItem\",\"position\":2,\"name\":\"Our Projects\",\"item\":\"https:\\\/\\\/centreforlocalprosperity.ca\\\/our-projects\\\/\"},{\"@type\":\"ListItem\",\"position\":3,\"name\":\"Local Prosperity Conferences\"}]},{\"@type\":\"WebSite\",\"@id\":\"https:\\\/\\\/centreforlocalprosperity.ca\\\/#website\",\"url\":\"https:\\\/\\\/centreforlocalprosperity.ca\\\/\",\"name\":\"Centre For Local Prosperity\",\"description\":\"Building &amp; Sharing Local Prosperity In The Region\",\"publisher\":{\"@id\":\"https:\\\/\\\/centreforlocalprosperity.ca\\\/#organization\"},\"potentialAction\":[{\"@type\":\"SearchAction\",\"target\":{\"@type\":\"EntryPoint\",\"urlTemplate\":\"https:\\\/\\\/centreforlocalprosperity.ca\\\/?s={search_term_string}\"},\"query-input\":{\"@type\":\"PropertyValueSpecification\",\"valueRequired\":true,\"valueName\":\"search_term_string\"}}],\"inLanguage\":\"fr-CA\"},{\"@type\":\"Organization\",\"@id\":\"https:\\\/\\\/centreforlocalprosperity.ca\\\/#organization\",\"name\":\"Centre For Local Prosperity\",\"url\":\"https:\\\/\\\/centreforlocalprosperity.ca\\\/\",\"logo\":{\"@type\":\"ImageObject\",\"inLanguage\":\"fr-CA\",\"@id\":\"https:\\\/\\\/centreforlocalprosperity.ca\\\/#\\\/schema\\\/logo\\\/image\\\/\",\"url\":\"https:\\\/\\\/centreforlocalprosperity.ca\\\/wp-content\\\/uploads\\\/2014\\\/09\\\/login_cflp_375x44.png\",\"contentUrl\":\"https:\\\/\\\/centreforlocalprosperity.ca\\\/wp-content\\\/uploads\\\/2014\\\/09\\\/login_cflp_375x44.png\",\"width\":375,\"height\":44,\"caption\":\"Centre For Local Prosperity\"},\"image\":{\"@id\":\"https:\\\/\\\/centreforlocalprosperity.ca\\\/#\\\/schema\\\/logo\\\/image\\\/\"}}]}<\/script>\n<!-- \/ Yoast SEO plugin. -->","yoast_head_json":{"title":"Local Prosperity Conferences - Centre For Local Prosperity","robots":{"index":"index","follow":"follow","max-snippet":"max-snippet:-1","max-image-preview":"max-image-preview:large","max-video-preview":"max-video-preview:-1"},"canonical":"https:\/\/centreforlocalprosperity.ca\/fr\/our-projects\/local-prosperity-conferences\/","og_locale":"fr_CA","og_type":"article","og_title":"Local Prosperity Conferences - Centre For Local Prosperity","og_description":"The Local Prosperity conferences in 2015 &amp; 2016 (the Centre for Local Prosperity&#8217;s namesake project) were our first projects undertaken as an organization. We incorporated as a non-profit in 2014, [&hellip;]","og_url":"https:\/\/centreforlocalprosperity.ca\/fr\/our-projects\/local-prosperity-conferences\/","og_site_name":"Centre For Local Prosperity","article_modified_time":"2026-03-16T16:18:32+00:00","og_image":[{"width":1080,"height":1350,"url":"https:\/\/centreforlocalprosperity.ca\/wp-content\/uploads\/2026\/03\/Local-Prosperity-2026-1-Instagram.jpg","type":"image\/jpeg"}],"twitter_misc":{"Estimation du temps de lecture":"2 minutes"},"schema":{"@context":"https:\/\/schema.org","@graph":[{"@type":"WebPage","@id":"https:\/\/centreforlocalprosperity.ca\/our-projects\/local-prosperity-conferences\/","url":"https:\/\/centreforlocalprosperity.ca\/our-projects\/local-prosperity-conferences\/","name":"Local Prosperity Conferences - Centre For Local Prosperity","isPartOf":{"@id":"https:\/\/centreforlocalprosperity.ca\/#website"},"primaryImageOfPage":{"@id":"https:\/\/centreforlocalprosperity.ca\/our-projects\/local-prosperity-conferences\/#primaryimage"},"image":{"@id":"https:\/\/centreforlocalprosperity.ca\/our-projects\/local-prosperity-conferences\/#primaryimage"},"thumbnailUrl":"https:\/\/centreforlocalprosperity.ca\/wp-content\/uploads\/2026\/03\/Local-Prosperity-2026-1-Instagram.jpg","datePublished":"2024-09-26T14:23:57+00:00","dateModified":"2026-03-16T16:18:32+00:00","breadcrumb":{"@id":"https:\/\/centreforlocalprosperity.ca\/our-projects\/local-prosperity-conferences\/#breadcrumb"},"inLanguage":"fr-CA","potentialAction":[{"@type":"ReadAction","target":["https:\/\/centreforlocalprosperity.ca\/our-projects\/local-prosperity-conferences\/"]}]},{"@type":"ImageObject","inLanguage":"fr-CA","@id":"https:\/\/centreforlocalprosperity.ca\/our-projects\/local-prosperity-conferences\/#primaryimage","url":"https:\/\/centreforlocalprosperity.ca\/wp-content\/uploads\/2026\/03\/Local-Prosperity-2026-1-Instagram.jpg","contentUrl":"https:\/\/centreforlocalprosperity.ca\/wp-content\/uploads\/2026\/03\/Local-Prosperity-2026-1-Instagram.jpg"},{"@type":"BreadcrumbList","@id":"https:\/\/centreforlocalprosperity.ca\/our-projects\/local-prosperity-conferences\/#breadcrumb","itemListElement":[{"@type":"ListItem","position":1,"name":"Home","item":"https:\/\/centreforlocalprosperity.ca\/"},{"@type":"ListItem","position":2,"name":"Our Projects","item":"https:\/\/centreforlocalprosperity.ca\/our-projects\/"},{"@type":"ListItem","position":3,"name":"Local Prosperity Conferences"}]},{"@type":"WebSite","@id":"https:\/\/centreforlocalprosperity.ca\/#website","url":"https:\/\/centreforlocalprosperity.ca\/","name":"Centre pour la prosp\u00e9rit\u00e9 locale","description":"Building &amp; Sharing Local Prosperity In The Region","publisher":{"@id":"https:\/\/centreforlocalprosperity.ca\/#organization"},"potentialAction":[{"@type":"SearchAction","target":{"@type":"EntryPoint","urlTemplate":"https:\/\/centreforlocalprosperity.ca\/?s={search_term_string}"},"query-input":{"@type":"PropertyValueSpecification","valueRequired":true,"valueName":"search_term_string"}}],"inLanguage":"fr-CA"},{"@type":"Organization","@id":"https:\/\/centreforlocalprosperity.ca\/#organization","name":"Centre pour la prosp\u00e9rit\u00e9 locale","url":"https:\/\/centreforlocalprosperity.ca\/","logo":{"@type":"ImageObject","inLanguage":"fr-CA","@id":"https:\/\/centreforlocalprosperity.ca\/#\/schema\/logo\/image\/","url":"https:\/\/centreforlocalprosperity.ca\/wp-content\/uploads\/2014\/09\/login_cflp_375x44.png","contentUrl":"https:\/\/centreforlocalprosperity.ca\/wp-content\/uploads\/2014\/09\/login_cflp_375x44.png","width":375,"height":44,"caption":"Centre For Local Prosperity"},"image":{"@id":"https:\/\/centreforlocalprosperity.ca\/#\/schema\/logo\/image\/"}}]}},"jetpack_sharing_enabled":true,"_links":{"self":[{"href":"https:\/\/centreforlocalprosperity.ca\/fr\/wp-json\/wp\/v2\/pages\/4302","targetHints":{"allow":["GET"]}}],"collection":[{"href":"https:\/\/centreforlocalprosperity.ca\/fr\/wp-json\/wp\/v2\/pages"}],"about":[{"href":"https:\/\/centreforlocalprosperity.ca\/fr\/wp-json\/wp\/v2\/types\/page"}],"author":[{"embeddable":true,"href":"https:\/\/centreforlocalprosperity.ca\/fr\/wp-json\/wp\/v2\/users\/20"}],"replies":[{"embeddable":true,"href":"https:\/\/centreforlocalprosperity.ca\/fr\/wp-json\/wp\/v2\/comments?post=4302"}],"version-history":[{"count":5,"href":"https:\/\/centreforlocalprosperity.ca\/fr\/wp-json\/wp\/v2\/pages\/4302\/revisions"}],"predecessor-version":[{"id":6741,"href":"https:\/\/centreforlocalprosperity.ca\/fr\/wp-json\/wp\/v2\/pages\/4302\/revisions\/6741"}],"up":[{"embeddable":true,"href":"https:\/\/centreforlocalprosperity.ca\/fr\/wp-json\/wp\/v2\/pages\/5518"}],"wp:attachment":[{"href":"https:\/\/centreforlocalprosperity.ca\/fr\/wp-json\/wp\/v2\/media?parent=4302"}],"curies":[{"name":"wp","href":"https:\/\/api.w.org\/{rel}","templated":true}]}}