{"id":5497,"date":"2024-09-25T13:29:54","date_gmt":"2024-09-25T16:29:54","guid":{"rendered":"https:\/\/centreforlocalprosperity.ca\/?page_id=5497"},"modified":"2024-10-11T14:05:21","modified_gmt":"2024-10-11T17:05:21","slug":"climate-change-course","status":"publish","type":"page","link":"https:\/\/centreforlocalprosperity.ca\/fr\/learn\/climate-change-course\/","title":{"rendered":"Changement climatique"},"content":{"rendered":"<div class=\"wp-block-group is-layout-constrained wp-block-group-is-layout-constrained\">\n<figure class=\"wp-block-image aligncenter size-full\"><img loading=\"lazy\" decoding=\"async\" width=\"500\" height=\"191\" src=\"https:\/\/centreforlocalprosperity.ca\/wp-content\/uploads\/2024\/10\/image.png\" alt=\"How We Thrive. Logo is a navy circle with a curled up, bright green, young fern.\" class=\"wp-image-6027\"\/><\/figure>\n\n\n\n<div class=\"wp-block-stackable-columns stk-block-columns stk-block stk-7d6a9be\" data-block-id=\"7d6a9be\"><style>.stk-7d6a9be-column{max-width:750px !important;min-width:auto !important;}<\/style><div class=\"stk-row stk-inner-blocks stk-block-content stk-content-align stk-7d6a9be-column\">\n<div class=\"wp-block-stackable-column stk-block-column stk-column stk-block stk-424c799\" data-v=\"4\" data-block-id=\"424c799\"><div class=\"stk-column-wrapper stk-block-column__content stk-container stk-424c799-container stk--no-background stk--no-padding\"><div class=\"stk-block-content stk-inner-blocks stk-424c799-inner-blocks\">\n<div class=\"wp-block-group is-layout-constrained wp-container-core-group-is-layout-648b1458 wp-block-group-is-layout-constrained\">\n<p class=\"has-text-align-center has-text-color has-link-color wp-elements-6c79dd79a03738073d282a4928f374a1\" style=\"color:#1d2c69\">How we Thrive est une organisation \u00e0 but non lucratif bas\u00e9e \u00e0 Mi&#039;kma&#039;ki \/ en Nouvelle-\u00c9cosse qui se concentre actuellement sur \u00ab l&#039;\u00e9ducation \u00e0 la justice climatique fond\u00e9e sur Etuaptmumk, la vision \u00e0 double \u0153il \u00bb.<\/p>\n<\/div>\n<\/div><\/div><\/div>\n<\/div><\/div>\n\n\n\n<hr class=\"wp-block-separator has-text-color has-palette-color-2-color has-alpha-channel-opacity has-palette-color-2-background-color has-background is-style-wide\"\/>\n\n\n\n<div class=\"wp-block-stackable-columns alignwide stk-block-columns stk-block stk-05fff4b\" data-block-id=\"05fff4b\"><style>.stk-05fff4b .stk--block-align-05fff4b{align-items:center !important;}.stk-05fff4b-column{max-width:750px !important;min-width:auto !important;justify-content:center !important;}<\/style><div class=\"stk-row stk-inner-blocks has-text-align-center stk--block-align-05fff4b stk-block-content stk-content-align stk-05fff4b-column stk--flex alignwide\">\n<div class=\"wp-block-stackable-column stk-block-column stk-column stk-block stk-66a4ce2\" data-v=\"4\" data-block-id=\"66a4ce2\"><style>.stk-66a4ce2-inner-blocks{align-items:center !important;row-gap:4px !important;}<\/style><div class=\"stk-column-wrapper stk-block-column__content stk-container stk-66a4ce2-container stk--no-background stk--no-padding\"><div class=\"has-text-align-center stk--column-flex stk-block-content stk-inner-blocks stk-66a4ce2-inner-blocks\">\n<figure class=\"wp-block-image aligncenter size-full is-resized\"><img loading=\"lazy\" decoding=\"async\" width=\"64\" height=\"64\" src=\"https:\/\/centreforlocalprosperity.ca\/wp-content\/uploads\/2024\/10\/image-1.png\" alt=\"\" class=\"wp-image-6029\" style=\"width:61px;height:auto\"\/><\/figure>\n\n\n\n<figure class=\"wp-block-image aligncenter size-full is-resized\"><img loading=\"lazy\" decoding=\"async\" width=\"730\" height=\"253\" src=\"https:\/\/centreforlocalprosperity.ca\/wp-content\/uploads\/2024\/10\/image-2.png\" alt=\"\" class=\"wp-image-6034\" style=\"width:453px;height:auto\"\/><\/figure>\n\n\n\n<div class=\"wp-block-stackable-heading stk-block-heading stk-block-heading--v2 stk-block stk-d9f3604\" id=\"free-climate-change-course\" data-block-id=\"d9f3604\"><style>.stk-d9f3604 {margin-bottom:0px !important;}.stk-d9f3604 .stk-block-heading__text{color:#1d2c69 !important;}<\/style><h2 class=\"stk-block-heading__text has-text-color\">Cours gratuit sur le changement climatique<\/h2><\/div>\n\n\n\n<p class=\"has-text-color has-link-color wp-elements-57bef6bfeb1e081e0223425f9dc30e86\" style=\"color:#1d2c69\">Le cours en ligne Climate Connections vous aidera \u00e0 mieux comprendre l&#039;impact du changement climatique sur notre r\u00e9gion, ce que les communaut\u00e9s peuvent faire pour renforcer leur r\u00e9silience et o\u00f9 vous pouvez trouver des ressources et des connexions. Vous pouvez travailler vous-m\u00eame sur les modules, puis utiliser le contenu pour impliquer d&#039;autres personnes de votre communaut\u00e9.<\/p>\n\n\n\n<div class=\"wp-block-stackable-button-group aligncenter stk-block-button-group stk-block stk-ab71d04\" data-block-id=\"ab71d04\"><style>.stk-ab71d04 .stk-button-group{flex-direction:row !important;}@media screen and (max-width:999px){.stk-ab71d04 .stk-button-group{flex-direction:row !important;}}@media screen and (max-width:689px){.stk-ab71d04 .stk-button-group{flex-direction:row !important;}}<\/style><div class=\"stk-row stk-inner-blocks has-text-align-center stk-block-content stk-button-group\">\n<div class=\"wp-block-stackable-button stk-block-button has-text-align-center stk-block stk-772969f\" data-block-id=\"772969f\"><style>.stk-772969f .stk-button{background:#1d2c69 !important;border-top-left-radius:5px !important;border-top-right-radius:5px !important;border-bottom-right-radius:5px !important;border-bottom-left-radius:5px !important;}<\/style><a class=\"stk-link stk-button stk--hover-effect-scale\" href=\"https:\/\/www.howwethrive.org\/climate\" target=\"_blank\" rel=\"noreferrer noopener\"><span class=\"stk-button__inner-text\">Suivez le cours gratuit !<\/span><\/a><\/div>\n<\/div><\/div>\n<\/div><\/div><\/div>\n<\/div><\/div>\n\n\n\n<hr class=\"wp-block-separator has-text-color has-palette-color-2-color has-alpha-channel-opacity has-palette-color-2-background-color has-background is-style-wide\"\/>\n\n\n\n<h2 class=\"wp-block-heading has-text-align-center has-text-color has-link-color wp-elements-a3dda9c274598fe633dc3bddef20e7ad\" style=\"color:#1d2c69\">En savoir plus sur la fa\u00e7on dont nous prosp\u00e9rons<\/h2>\n\n\n\n<div class=\"wp-block-stackable-button-group aligncenter stk-block-button-group stk-block stk-0ade88d\" data-block-id=\"0ade88d\"><style>.stk-0ade88d .stk-button-group{flex-direction:row !important;}@media screen and (max-width:999px){.stk-0ade88d .stk-button-group{flex-direction:row !important;}}@media screen and (max-width:689px){.stk-0ade88d .stk-button-group{flex-direction:row !important;}}<\/style><div class=\"stk-row stk-inner-blocks has-text-align-center stk-block-content stk-button-group\">\n<div class=\"wp-block-stackable-button stk-block-button has-text-align-center stk-block stk-1cabcd2\" data-block-id=\"1cabcd2\"><style>.stk-1cabcd2 .stk-button{background:#1d2c69 !important;border-top-left-radius:5px !important;border-top-right-radius:5px !important;border-bottom-right-radius:5px !important;border-bottom-left-radius:5px !important;}<\/style><a class=\"stk-link stk-button stk--hover-effect-scale\" href=\"https:\/\/www.howwethrive.org\/\" target=\"_blank\" rel=\"noreferrer noopener\"><span class=\"stk-button__inner-text\">Site web<\/span><\/a><\/div>\n\n\n\n<div class=\"wp-block-stackable-button stk-block-button has-text-align-center stk-block stk-baf6959\" data-block-id=\"baf6959\"><style>.stk-baf6959 .stk-button{background:#1d2c69 !important;border-top-left-radius:5px !important;border-top-right-radius:5px !important;border-bottom-right-radius:5px !important;border-bottom-left-radius:5px !important;}<\/style><a class=\"stk-link stk-button stk--hover-effect-scale\" href=\"https:\/\/how-we-thrive.mn.co\/landing?space_id=6736305\" target=\"_blank\" rel=\"noreferrer noopener\"><span class=\"stk-button__inner-text\">Rejoignez la communaut\u00e9<\/span><\/a><\/div>\n\n\n\n<div class=\"wp-block-stackable-button stk-block-button has-text-align-center stk-block stk-da6fc12\" data-block-id=\"da6fc12\"><style>.stk-da6fc12 .stk-button{background:#1d2c69 !important;border-top-left-radius:5px !important;border-top-right-radius:5px !important;border-bottom-right-radius:5px !important;border-bottom-left-radius:5px !important;}<\/style><a class=\"stk-link stk-button stk--hover-effect-scale\" href=\"https:\/\/www.instagram.com\/how_we_thrive\/\" target=\"_blank\" rel=\"noreferrer noopener\"><span class=\"stk-button__inner-text\">Instagram<\/span><\/a><\/div>\n\n\n\n<div class=\"wp-block-stackable-button stk-block-button has-text-align-center stk-block stk-deaa4e1\" data-block-id=\"deaa4e1\"><style>.stk-deaa4e1 .stk-button{background:#1d2c69 !important;border-top-left-radius:5px !important;border-top-right-radius:5px !important;border-bottom-right-radius:5px !important;border-bottom-left-radius:5px !important;}<\/style><a class=\"stk-link stk-button stk--hover-effect-scale\" href=\"https:\/\/www.facebook.com\/HowWeThrive2021\/\" target=\"_blank\" rel=\"noreferrer noopener\"><span class=\"stk-button__inner-text\">Facebook<\/span><\/a><\/div>\n<\/div><\/div>\n<\/div>\n\n\n\n<div class=\"wp-block-stackable-separator alignfull stk-block-separator stk--no-padding stk-block stk-ec8fd59\" data-block-id=\"ec8fd59\"><style>.stk-ec8fd59 {margin-bottom:-60px !important;}.stk-ec8fd59 svg{fill:var(--theme-palette-color-7, #F1F7ED) !important;filter:drop-shadow(25px 10px 20px var(--theme-palette-color-1, #1A5867)) !important;}<\/style><div class=\"stk-block-separator__inner\"><svg xmlns=\"http:\/\/www.w3.org\/2000\/svg\" viewbox=\"0 0 1600 200\" class=\"stk-separator__layer-1\" preserveaspectratio=\"none\" aria-hidden=\"true\"><path class=\"rounded-2_svg__st2\" d=\"M1609.5 133.2h-9.5c0-10.9-8.9-19.8-19.8-19.8H19.8C8.9 113.3 0 122.2 0 133.2l-10-.2v77h1619.5v-76.8z\"><\/path><\/svg><\/div><\/div>","protected":false},"excerpt":{"rendered":"<p>How we Thrive is a Mi\u2019kma\u2019ki \/ Nova Scotia based not-for-profit organization currently focused on \u201cclimate justice education that is grounded in Etuaptmumk, Two-Eyed Seeing.&#8221; Free Climate Change Course The [&hellip;]<\/p>\n","protected":false},"author":20,"featured_media":0,"parent":5493,"menu_order":0,"comment_status":"closed","ping_status":"closed","template":"","meta":{"_acf_changed":false,"episode_type":"","audio_file":"","podmotor_file_id":"","podmotor_episode_id":"","cover_image":"","cover_image_id":"","duration":"","filesize":"","filesize_raw":"","date_recorded":"","explicit":"","block":"","itunes_episode_number":"","itunes_title":"","itunes_season_number":"","itunes_episode_type":"","footnotes":""},"class_list":["post-5497","page","type-page","status-publish","hentry"],"blocksy_meta":{"page_structure_type":"default","styles_descriptor":{"styles":{"desktop":"[data-prefix=\"single_page\"] {background-color:#fffced;background-image:none;}","tablet":"","mobile":""},"google_fonts":[],"version":6},"background":{"desktop":{"background_type":"color","background_pattern":"type-1","background_image":{"attachment_id":null,"x":0,"y":0},"gradient":"linear-gradient(135deg,rgba(6,147,227,1) 0%,rgb(155,81,224) 100%)","background_repeat":"repeat","background_size":"auto","background_attachment":"scroll","patternColor":{"default":{"color":"#e5e7ea"}},"overlayColor":{"default":{"color":"CT_CSS_SKIP_RULE"}},"backgroundColor":{"default":{"color":"#fffced"}}},"tablet":{"background_type":"color","background_pattern":"type-1","background_image":{"attachment_id":null,"x":0,"y":0},"gradient":"linear-gradient(135deg,rgba(6,147,227,1) 0%,rgb(155,81,224) 100%)","background_repeat":"repeat","background_size":"auto","background_attachment":"scroll","patternColor":{"default":{"color":"#e5e7ea"}},"overlayColor":{"default":{"color":"CT_CSS_SKIP_RULE"}},"backgroundColor":{"default":{"color":"#fffced"}}},"mobile":{"background_type":"color","background_pattern":"type-1","background_image":{"attachment_id":null,"x":0,"y":0},"gradient":"linear-gradient(135deg,rgba(6,147,227,1) 0%,rgb(155,81,224) 100%)","background_repeat":"repeat","background_size":"auto","background_attachment":"scroll","patternColor":{"default":{"color":"#e5e7ea"}},"overlayColor":{"default":{"color":"CT_CSS_SKIP_RULE"}},"backgroundColor":{"default":{"color":"#fffced"}}}}},"acf":[],"yoast_head":"<!-- This site is optimized with the Yoast SEO plugin v27.3 - https:\/\/yoast.com\/product\/yoast-seo-wordpress\/ -->\n<title>Climate Change - Centre For Local Prosperity<\/title>\n<meta name=\"robots\" content=\"index, follow, max-snippet:-1, max-image-preview:large, max-video-preview:-1\" \/>\n<link rel=\"canonical\" href=\"https:\/\/centreforlocalprosperity.ca\/fr\/learn\/climate-change-course\/\" \/>\n<meta property=\"og:locale\" content=\"fr_CA\" \/>\n<meta property=\"og:type\" content=\"article\" \/>\n<meta property=\"og:title\" content=\"Climate Change - Centre For Local Prosperity\" \/>\n<meta property=\"og:description\" content=\"How we Thrive is a Mi\u2019kma\u2019ki \/ Nova Scotia based not-for-profit organization currently focused on \u201cclimate justice education that is grounded in Etuaptmumk, Two-Eyed Seeing.&#8221; Free Climate Change Course The [&hellip;]\" \/>\n<meta property=\"og:url\" content=\"https:\/\/centreforlocalprosperity.ca\/fr\/learn\/climate-change-course\/\" \/>\n<meta property=\"og:site_name\" content=\"Centre For Local Prosperity\" \/>\n<meta property=\"article:modified_time\" content=\"2024-10-11T17:05:21+00:00\" \/>\n<meta property=\"og:image\" content=\"https:\/\/centreforlocalprosperity.ca\/wp-content\/uploads\/2024\/10\/image.png\" \/>\n\t<meta property=\"og:image:width\" content=\"500\" \/>\n\t<meta property=\"og:image:height\" content=\"191\" \/>\n\t<meta property=\"og:image:type\" content=\"image\/png\" \/>\n<meta name=\"twitter:label1\" content=\"Estimation du temps de lecture\" \/>\n\t<meta name=\"twitter:data1\" content=\"2 minutes\" \/>\n<script type=\"application\/ld+json\" class=\"yoast-schema-graph\">{\"@context\":\"https:\\\/\\\/schema.org\",\"@graph\":[{\"@type\":\"WebPage\",\"@id\":\"https:\\\/\\\/centreforlocalprosperity.ca\\\/learn\\\/climate-change-course\\\/\",\"url\":\"https:\\\/\\\/centreforlocalprosperity.ca\\\/learn\\\/climate-change-course\\\/\",\"name\":\"Climate Change - Centre For Local Prosperity\",\"isPartOf\":{\"@id\":\"https:\\\/\\\/centreforlocalprosperity.ca\\\/#website\"},\"primaryImageOfPage\":{\"@id\":\"https:\\\/\\\/centreforlocalprosperity.ca\\\/learn\\\/climate-change-course\\\/#primaryimage\"},\"image\":{\"@id\":\"https:\\\/\\\/centreforlocalprosperity.ca\\\/learn\\\/climate-change-course\\\/#primaryimage\"},\"thumbnailUrl\":\"https:\\\/\\\/centreforlocalprosperity.ca\\\/wp-content\\\/uploads\\\/2024\\\/10\\\/image.png\",\"datePublished\":\"2024-09-25T16:29:54+00:00\",\"dateModified\":\"2024-10-11T17:05:21+00:00\",\"breadcrumb\":{\"@id\":\"https:\\\/\\\/centreforlocalprosperity.ca\\\/learn\\\/climate-change-course\\\/#breadcrumb\"},\"inLanguage\":\"fr-CA\",\"potentialAction\":[{\"@type\":\"ReadAction\",\"target\":[\"https:\\\/\\\/centreforlocalprosperity.ca\\\/learn\\\/climate-change-course\\\/\"]}]},{\"@type\":\"ImageObject\",\"inLanguage\":\"fr-CA\",\"@id\":\"https:\\\/\\\/centreforlocalprosperity.ca\\\/learn\\\/climate-change-course\\\/#primaryimage\",\"url\":\"https:\\\/\\\/centreforlocalprosperity.ca\\\/wp-content\\\/uploads\\\/2024\\\/10\\\/image.png\",\"contentUrl\":\"https:\\\/\\\/centreforlocalprosperity.ca\\\/wp-content\\\/uploads\\\/2024\\\/10\\\/image.png\"},{\"@type\":\"BreadcrumbList\",\"@id\":\"https:\\\/\\\/centreforlocalprosperity.ca\\\/learn\\\/climate-change-course\\\/#breadcrumb\",\"itemListElement\":[{\"@type\":\"ListItem\",\"position\":1,\"name\":\"Home\",\"item\":\"https:\\\/\\\/centreforlocalprosperity.ca\\\/\"},{\"@type\":\"ListItem\",\"position\":2,\"name\":\"Learn\",\"item\":\"https:\\\/\\\/centreforlocalprosperity.ca\\\/learn\\\/\"},{\"@type\":\"ListItem\",\"position\":3,\"name\":\"Climate Change\"}]},{\"@type\":\"WebSite\",\"@id\":\"https:\\\/\\\/centreforlocalprosperity.ca\\\/#website\",\"url\":\"https:\\\/\\\/centreforlocalprosperity.ca\\\/\",\"name\":\"Centre For Local Prosperity\",\"description\":\"Building &amp; Sharing Local Prosperity In The Region\",\"publisher\":{\"@id\":\"https:\\\/\\\/centreforlocalprosperity.ca\\\/#organization\"},\"potentialAction\":[{\"@type\":\"SearchAction\",\"target\":{\"@type\":\"EntryPoint\",\"urlTemplate\":\"https:\\\/\\\/centreforlocalprosperity.ca\\\/?s={search_term_string}\"},\"query-input\":{\"@type\":\"PropertyValueSpecification\",\"valueRequired\":true,\"valueName\":\"search_term_string\"}}],\"inLanguage\":\"fr-CA\"},{\"@type\":\"Organization\",\"@id\":\"https:\\\/\\\/centreforlocalprosperity.ca\\\/#organization\",\"name\":\"Centre For Local Prosperity\",\"url\":\"https:\\\/\\\/centreforlocalprosperity.ca\\\/\",\"logo\":{\"@type\":\"ImageObject\",\"inLanguage\":\"fr-CA\",\"@id\":\"https:\\\/\\\/centreforlocalprosperity.ca\\\/#\\\/schema\\\/logo\\\/image\\\/\",\"url\":\"https:\\\/\\\/centreforlocalprosperity.ca\\\/wp-content\\\/uploads\\\/2014\\\/09\\\/login_cflp_375x44.png\",\"contentUrl\":\"https:\\\/\\\/centreforlocalprosperity.ca\\\/wp-content\\\/uploads\\\/2014\\\/09\\\/login_cflp_375x44.png\",\"width\":375,\"height\":44,\"caption\":\"Centre For Local Prosperity\"},\"image\":{\"@id\":\"https:\\\/\\\/centreforlocalprosperity.ca\\\/#\\\/schema\\\/logo\\\/image\\\/\"}}]}<\/script>\n<!-- \/ Yoast SEO plugin. -->","yoast_head_json":{"title":"Climate Change - Centre For Local Prosperity","robots":{"index":"index","follow":"follow","max-snippet":"max-snippet:-1","max-image-preview":"max-image-preview:large","max-video-preview":"max-video-preview:-1"},"canonical":"https:\/\/centreforlocalprosperity.ca\/fr\/learn\/climate-change-course\/","og_locale":"fr_CA","og_type":"article","og_title":"Climate Change - Centre For Local Prosperity","og_description":"How we Thrive is a Mi\u2019kma\u2019ki \/ Nova Scotia based not-for-profit organization currently focused on \u201cclimate justice education that is grounded in Etuaptmumk, Two-Eyed Seeing.&#8221; Free Climate Change Course The [&hellip;]","og_url":"https:\/\/centreforlocalprosperity.ca\/fr\/learn\/climate-change-course\/","og_site_name":"Centre For Local Prosperity","article_modified_time":"2024-10-11T17:05:21+00:00","og_image":[{"width":500,"height":191,"url":"https:\/\/centreforlocalprosperity.ca\/wp-content\/uploads\/2024\/10\/image.png","type":"image\/png"}],"twitter_misc":{"Estimation du temps de lecture":"2 minutes"},"schema":{"@context":"https:\/\/schema.org","@graph":[{"@type":"WebPage","@id":"https:\/\/centreforlocalprosperity.ca\/learn\/climate-change-course\/","url":"https:\/\/centreforlocalprosperity.ca\/learn\/climate-change-course\/","name":"Climate Change - Centre For Local Prosperity","isPartOf":{"@id":"https:\/\/centreforlocalprosperity.ca\/#website"},"primaryImageOfPage":{"@id":"https:\/\/centreforlocalprosperity.ca\/learn\/climate-change-course\/#primaryimage"},"image":{"@id":"https:\/\/centreforlocalprosperity.ca\/learn\/climate-change-course\/#primaryimage"},"thumbnailUrl":"https:\/\/centreforlocalprosperity.ca\/wp-content\/uploads\/2024\/10\/image.png","datePublished":"2024-09-25T16:29:54+00:00","dateModified":"2024-10-11T17:05:21+00:00","breadcrumb":{"@id":"https:\/\/centreforlocalprosperity.ca\/learn\/climate-change-course\/#breadcrumb"},"inLanguage":"fr-CA","potentialAction":[{"@type":"ReadAction","target":["https:\/\/centreforlocalprosperity.ca\/learn\/climate-change-course\/"]}]},{"@type":"ImageObject","inLanguage":"fr-CA","@id":"https:\/\/centreforlocalprosperity.ca\/learn\/climate-change-course\/#primaryimage","url":"https:\/\/centreforlocalprosperity.ca\/wp-content\/uploads\/2024\/10\/image.png","contentUrl":"https:\/\/centreforlocalprosperity.ca\/wp-content\/uploads\/2024\/10\/image.png"},{"@type":"BreadcrumbList","@id":"https:\/\/centreforlocalprosperity.ca\/learn\/climate-change-course\/#breadcrumb","itemListElement":[{"@type":"ListItem","position":1,"name":"Home","item":"https:\/\/centreforlocalprosperity.ca\/"},{"@type":"ListItem","position":2,"name":"Learn","item":"https:\/\/centreforlocalprosperity.ca\/learn\/"},{"@type":"ListItem","position":3,"name":"Climate Change"}]},{"@type":"WebSite","@id":"https:\/\/centreforlocalprosperity.ca\/#website","url":"https:\/\/centreforlocalprosperity.ca\/","name":"Centre pour la prosp\u00e9rit\u00e9 locale","description":"Building &amp; Sharing Local Prosperity In The Region","publisher":{"@id":"https:\/\/centreforlocalprosperity.ca\/#organization"},"potentialAction":[{"@type":"SearchAction","target":{"@type":"EntryPoint","urlTemplate":"https:\/\/centreforlocalprosperity.ca\/?s={search_term_string}"},"query-input":{"@type":"PropertyValueSpecification","valueRequired":true,"valueName":"search_term_string"}}],"inLanguage":"fr-CA"},{"@type":"Organization","@id":"https:\/\/centreforlocalprosperity.ca\/#organization","name":"Centre pour la prosp\u00e9rit\u00e9 locale","url":"https:\/\/centreforlocalprosperity.ca\/","logo":{"@type":"ImageObject","inLanguage":"fr-CA","@id":"https:\/\/centreforlocalprosperity.ca\/#\/schema\/logo\/image\/","url":"https:\/\/centreforlocalprosperity.ca\/wp-content\/uploads\/2014\/09\/login_cflp_375x44.png","contentUrl":"https:\/\/centreforlocalprosperity.ca\/wp-content\/uploads\/2014\/09\/login_cflp_375x44.png","width":375,"height":44,"caption":"Centre For Local Prosperity"},"image":{"@id":"https:\/\/centreforlocalprosperity.ca\/#\/schema\/logo\/image\/"}}]}},"jetpack_sharing_enabled":true,"_links":{"self":[{"href":"https:\/\/centreforlocalprosperity.ca\/fr\/wp-json\/wp\/v2\/pages\/5497","targetHints":{"allow":["GET"]}}],"collection":[{"href":"https:\/\/centreforlocalprosperity.ca\/fr\/wp-json\/wp\/v2\/pages"}],"about":[{"href":"https:\/\/centreforlocalprosperity.ca\/fr\/wp-json\/wp\/v2\/types\/page"}],"author":[{"embeddable":true,"href":"https:\/\/centreforlocalprosperity.ca\/fr\/wp-json\/wp\/v2\/users\/20"}],"replies":[{"embeddable":true,"href":"https:\/\/centreforlocalprosperity.ca\/fr\/wp-json\/wp\/v2\/comments?post=5497"}],"version-history":[{"count":5,"href":"https:\/\/centreforlocalprosperity.ca\/fr\/wp-json\/wp\/v2\/pages\/5497\/revisions"}],"predecessor-version":[{"id":6095,"href":"https:\/\/centreforlocalprosperity.ca\/fr\/wp-json\/wp\/v2\/pages\/5497\/revisions\/6095"}],"up":[{"embeddable":true,"href":"https:\/\/centreforlocalprosperity.ca\/fr\/wp-json\/wp\/v2\/pages\/5493"}],"wp:attachment":[{"href":"https:\/\/centreforlocalprosperity.ca\/fr\/wp-json\/wp\/v2\/media?parent=5497"}],"curies":[{"name":"wp","href":"https:\/\/api.w.org\/{rel}","templated":true}]}}