{"id":5531,"date":"2024-09-25T13:45:56","date_gmt":"2024-09-25T16:45:56","guid":{"rendered":"https:\/\/centreforlocalprosperity.ca\/?page_id=5531"},"modified":"2024-10-04T15:54:41","modified_gmt":"2024-10-04T18:54:41","slug":"donate","status":"publish","type":"page","link":"https:\/\/centreforlocalprosperity.ca\/fr\/donate\/","title":{"rendered":"Faire un don"},"content":{"rendered":"<div class=\"wp-block-stackable-columns alignfull stk-block-columns stk-block stk-590096d stk-block-background stk--has-background-overlay\" data-block-id=\"590096d\"><style>.stk-590096d {background-color:var(--theme-palette-color-1, #1A5867) !important;background-image:url(https:\/\/centreforlocalprosperity.ca\/wp-content\/uploads\/2022\/07\/waves-background.svg) !important;background-position:bottom center !important;background-repeat:no-repeat !important;background-size:90vw !important;padding-top:100px !important;padding-bottom:0px !important;margin-top:-60px !important;margin-bottom:120px !important;overflow:visible !important;}.stk-590096d:before{background-color:var(--theme-palette-color-1, #1A5867) !important;opacity:0.8 !important;}.stk-590096d .stk-container{overflow:visible !important;}.stk-590096d-column{--stk-column-gap:20px !important;row-gap:50px !important;}@media screen and (max-width:999px){.stk-590096d {margin-bottom:100px !important;}}@media screen and (max-width:689px){.stk-590096d {background-size:1px !important;padding-bottom:100px !important;}}<\/style><div class=\"stk-row stk-inner-blocks stk-block-content stk-content-align stk-590096d-column\">\n<div class=\"wp-block-stackable-column stk-block-column stk-column stk-block stk-a592ea9\" data-v=\"4\" data-block-id=\"a592ea9\"><style>.stk-a592ea9-container{margin-top:0px !important;margin-right:0px !important;margin-bottom:0px !important;margin-left:0px !important;}.stk-a592ea9-inner-blocks{justify-content:center !important;}.stk-a592ea9 {padding-bottom:100px !important;}@media screen and (min-width:690px){.stk-a592ea9 {flex:var(--stk-flex-grow, 1) 1 calc(60% - var(--stk-column-gap, 0px) * 1 \/ 2 ) !important;}}@media screen and (min-width:690px) and (max-width:999px){.stk-a592ea9 {flex:var(--stk-flex-grow, 1) 1 calc(60% - var(--stk-column-gap, 0px) * 1 \/ 2 ) !important;}}@media screen and (max-width:689px){.stk-a592ea9 {padding-bottom:0px !important;}}<\/style><div class=\"stk-column-wrapper stk-block-column__content stk-container stk-a592ea9-container stk--no-background stk--no-padding\"><div class=\"stk--column-flex stk-block-content stk-inner-blocks stk-a592ea9-inner-blocks\">\n<div class=\"wp-block-stackable-heading stk-block-heading stk-block-heading--v2 stk-block stk-95f172e\" id=\"donate\" data-block-id=\"95f172e\"><style>.stk-95f172e {margin-bottom:20px !important;}.stk-95f172e .stk-block-heading__text{font-size:100px !important;color:#ffffff !important;line-height:0.9em !important;text-transform:uppercase !important;}@media screen and (max-width:999px){.stk-95f172e .stk-block-heading__text{font-size:70px !important;}}<\/style><h1 class=\"stk-block-heading__text has-text-color has-text-align-center-mobile\">Faire un don<\/h1><\/div>\n<\/div><\/div><\/div>\n\n\n\n<div class=\"wp-block-stackable-column stk-block-column stk-column stk-block stk-0f6ab1a\" data-v=\"4\" data-block-id=\"0f6ab1a\"><style>.stk-0f6ab1a-container{margin-top:0px !important;margin-right:0px !important;margin-bottom:0px !important;margin-left:0px !important;}@media screen and (min-width:690px){.stk-0f6ab1a {flex:var(--stk-flex-grow, 1) 1 calc(40% - var(--stk-column-gap, 0px) * 1 \/ 2 ) !important;}}@media screen and (min-width:690px) and (max-width:999px){.stk-0f6ab1a {flex:var(--stk-flex-grow, 1) 1 calc(40% - var(--stk-column-gap, 0px) * 1 \/ 2 ) !important;}}<\/style><div class=\"stk-column-wrapper stk-block-column__content stk-container stk-0f6ab1a-container stk--no-background stk--no-padding\"><div class=\"stk-block-content stk-inner-blocks stk-0f6ab1a-inner-blocks\"><\/div><\/div><\/div>\n<\/div><\/div>\n\n\n\n<div class=\"wp-block-stackable-columns alignwide stk-block-columns stk-block stk-239fa11\" data-block-id=\"239fa11\"><style>.stk-239fa11-column{--stk-column-gap:20px !important;row-gap:20px !important;}<\/style><div class=\"stk-row stk-inner-blocks stk-block-content stk-content-align stk-239fa11-column alignwide\">\n<div class=\"wp-block-stackable-column stk-block-column stk-column stk-block stk-df08c23\" data-v=\"4\" data-block-id=\"df08c23\"><style>.stk-df08c23 {align-self:center !important;}@media screen and (min-width:690px){.stk-df08c23 {flex:var(--stk-flex-grow, 1) 1 calc(25% - var(--stk-column-gap, 0px) * 1 \/ 2 ) !important;}}@media screen and (min-width:690px) and (max-width:999px){.stk-df08c23 {flex:var(--stk-flex-grow, 1) 1 calc(97.2% - var(--stk-column-gap, 0px) * 0 \/ 1 ) !important;}}<\/style><div class=\"stk-column-wrapper stk-block-column__content stk-container stk-df08c23-container stk--no-background stk--no-padding\"><div class=\"stk-block-content stk-inner-blocks stk-df08c23-inner-blocks\">\n<h2 class=\"wp-block-heading has-text-align-left has-x-large-font-size\" style=\"line-height:1\">C&#039;est un fait simple : les dons nous permettent de faire plus. <\/h2>\n\n\n\n<ul class=\"wp-block-list\">\n<li>Nous pouvons h\u00e9berger davantage de webinaires et d\u2019\u00e9v\u00e9nements. <\/li>\n\n\n\n<li>Nous pouvons offrir des frais de scolarit\u00e9 r\u00e9duits ou des bourses pour assister \u00e0 des \u00e9v\u00e9nements. <\/li>\n\n\n\n<li>Nous pouvons produire davantage d\u2019\u00e9tudes de recherche, de podcasts et de films documentaires.\u00a0\u00a0<\/li>\n<\/ul>\n\n\n\n<p class=\"has-text-align-left\">Les dons ont un impact \u00e9norme.<\/p>\n<\/div><\/div><\/div>\n\n\n\n<div class=\"wp-block-stackable-column stk-block-column stk-column stk-block stk-a2e5d24\" data-v=\"4\" data-block-id=\"a2e5d24\"><style>@media screen and (min-width:690px){.stk-a2e5d24 {flex:var(--stk-flex-grow, 1) 1 calc(75% - var(--stk-column-gap, 0px) * 1 \/ 2 ) !important;}}@media screen and (min-width:690px) and (max-width:999px){.stk-a2e5d24 {flex:var(--stk-flex-grow, 1) 1 calc(100% - var(--stk-column-gap, 0px) * 0 \/ 1 ) !important;}}<\/style><div class=\"stk-column-wrapper stk-block-column__content stk-container stk-a2e5d24-container stk--no-background stk--no-padding\"><div class=\"stk-block-content stk-inner-blocks stk-a2e5d24-inner-blocks\">\n<h2 class=\"wp-block-heading has-text-align-center has-xx-large-font-size\">Comment faire un don<\/h2>\n\n\n\n<div class=\"wp-block-stackable-columns stk-block-columns stk-block stk-815ed88\" data-block-id=\"815ed88\"><div class=\"stk-row stk-inner-blocks stk-block-content stk-content-align stk-815ed88-column\">\n<div class=\"wp-block-stackable-column stk-block-column stk-column stk-block stk-766f83b\" data-v=\"4\" data-block-id=\"766f83b\"><style>.stk-766f83b-container{border-top-left-radius:15px !important;border-top-right-radius:15px !important;border-bottom-right-radius:15px !important;border-bottom-left-radius:15px !important;overflow:hidden !important;}<\/style><div class=\"stk-column-wrapper stk-block-column__content stk-container stk-766f83b-container stk-hover-parent\"><div class=\"stk-block-content stk-inner-blocks stk-766f83b-inner-blocks\">\n<h2 class=\"wp-block-heading\" style=\"margin-top:0;margin-bottom:0\">Paypal ou carte de cr\u00e9dit<\/h2>\n\n\n\n<p>Utilisez les boutons Faire un don sur notre site Web et faites un don via <strong>Paypal ou carte de cr\u00e9dit<\/strong>.<\/p>\n\n\n\n<div class=\"wp-block-buttons is-content-justification-left is-layout-flex wp-container-core-buttons-is-layout-fc4fd283 wp-block-buttons-is-layout-flex\">\n<div class=\"wp-block-button forward\"><a class=\"wp-block-button__link wp-element-button\" href=\"https:\/\/www.paypal.com\/cgi-bin\/webscr?cmd=_donations&amp;business=robert@centreforlocalprosperity.ca&amp;lc=CA&amp;item_name=Donation+to+Centre+for+Local+Prosperity&amp;no_note=0&amp;cn=&amp;currency_code=CAD&amp;bn=PP-DonationsBF:btn_donateCC_LG.gif:NonHosted\">Faire un don<\/a><\/div>\n<\/div>\n<\/div><\/div><\/div>\n\n\n\n<div class=\"wp-block-stackable-column stk-block-column stk-column stk-block stk-f0cd41f\" data-v=\"4\" data-block-id=\"f0cd41f\"><style>.stk-f0cd41f-container{border-top-left-radius:15px !important;border-top-right-radius:15px !important;border-bottom-right-radius:15px !important;border-bottom-left-radius:15px !important;overflow:hidden !important;}<\/style><div class=\"stk-column-wrapper stk-block-column__content stk-container stk-f0cd41f-container stk-hover-parent\"><div class=\"stk-block-content stk-inner-blocks stk-f0cd41f-inner-blocks\">\n<h2 class=\"wp-block-heading\" style=\"margin-top:0;margin-bottom:0\">V\u00e9rifier<\/h2>\n\n\n\n<p>Les ch\u00e8ques peuvent \u00eatre libell\u00e9s \u00e0 l\u2019ordre du \u00ab Centre pour la prosp\u00e9rit\u00e9 locale \u00bb et envoy\u00e9s \u00e0 :<\/p>\n\n\n\n<p class=\"has-text-align-left\"><em>Centre pour la prosp\u00e9rit\u00e9 locale<br>31, all\u00e9e Ashvale<br>T\u00eate de la baie de St Margarets<br>NS B3Z 2E1<\/em><\/p>\n<\/div><\/div><\/div>\n\n\n\n<div class=\"wp-block-stackable-column stk-block-column stk-column stk-block stk-5f5d1d4\" data-v=\"4\" data-block-id=\"5f5d1d4\"><style>.stk-5f5d1d4-container{border-top-left-radius:15px !important;border-top-right-radius:15px !important;border-bottom-right-radius:15px !important;border-bottom-left-radius:15px !important;overflow:hidden !important;}<\/style><div class=\"stk-column-wrapper stk-block-column__content stk-container stk-5f5d1d4-container stk-hover-parent\"><div class=\"stk-block-content stk-inner-blocks stk-5f5d1d4-inner-blocks\">\n<h2 class=\"wp-block-heading\" style=\"margin-top:0;margin-bottom:0\">Virement Interac<\/h2>\n\n\n\n<p>Les dons par virement \u00e9lectronique Interac peuvent \u00eatre accept\u00e9s \u00e0 l&#039;adresse courriel<\/p>\n\n\n\n<p class=\"has-text-align-left\"><a class=\"\" href=\"mailto:info@centreforlocalprosperity.ca\">info@centreforlocalprosperity.ca<\/a><\/p>\n<\/div><\/div><\/div>\n<\/div><\/div>\n\n\n\n<p><strong>Veuillez noter:<\/strong><br><em>Le Centre pour la prosp\u00e9rit\u00e9 locale est un organisme de bienfaisance enregistr\u00e9 (#84025 1797 RR0001) et \u00e9mettra un re\u00e7u de d\u00e9duction fiscale pour chaque don admissible.&nbsp;<\/em><\/p>\n<\/div><\/div><\/div>\n<\/div><\/div>\n\n\n\n<p><\/p>","protected":false},"excerpt":{"rendered":"<p>Donate It\u2019s a simple fact: Donations allow us to do more. Donations have a tremendous impact. How to donate Paypal or Credit card Use the Donate buttons on our website [&hellip;]<\/p>\n","protected":false},"author":20,"featured_media":0,"parent":0,"menu_order":-3,"comment_status":"closed","ping_status":"closed","template":"","meta":{"_acf_changed":false,"episode_type":"","audio_file":"","podmotor_file_id":"","podmotor_episode_id":"","cover_image":"","cover_image_id":"","duration":"","filesize":"","filesize_raw":"","date_recorded":"","explicit":"","block":"","itunes_episode_number":"","itunes_title":"","itunes_season_number":"","itunes_episode_type":"","footnotes":""},"class_list":["post-5531","page","type-page","status-publish","hentry"],"blocksy_meta":[],"acf":[],"yoast_head":"<!-- This site is optimized with the Yoast SEO plugin v27.3 - https:\/\/yoast.com\/product\/yoast-seo-wordpress\/ -->\n<title>Donate - Centre For Local Prosperity<\/title>\n<meta name=\"robots\" content=\"index, follow, max-snippet:-1, max-image-preview:large, max-video-preview:-1\" \/>\n<link rel=\"canonical\" href=\"https:\/\/centreforlocalprosperity.ca\/fr\/donate\/\" \/>\n<meta property=\"og:locale\" content=\"fr_CA\" \/>\n<meta property=\"og:type\" content=\"article\" \/>\n<meta property=\"og:title\" content=\"Donate - Centre For Local Prosperity\" \/>\n<meta property=\"og:description\" content=\"Donate It\u2019s a simple fact: Donations allow us to do more. Donations have a tremendous impact. How to donate Paypal or Credit card Use the Donate buttons on our website [&hellip;]\" \/>\n<meta property=\"og:url\" content=\"https:\/\/centreforlocalprosperity.ca\/fr\/donate\/\" \/>\n<meta property=\"og:site_name\" content=\"Centre For Local Prosperity\" \/>\n<meta property=\"article:modified_time\" content=\"2024-10-04T18:54:41+00:00\" \/>\n<meta name=\"twitter:label1\" content=\"Estimation du temps de lecture\" \/>\n\t<meta name=\"twitter:data1\" content=\"1 minute\" \/>\n<script type=\"application\/ld+json\" class=\"yoast-schema-graph\">{\"@context\":\"https:\\\/\\\/schema.org\",\"@graph\":[{\"@type\":\"WebPage\",\"@id\":\"https:\\\/\\\/centreforlocalprosperity.ca\\\/donate\\\/\",\"url\":\"https:\\\/\\\/centreforlocalprosperity.ca\\\/donate\\\/\",\"name\":\"Donate - Centre For Local Prosperity\",\"isPartOf\":{\"@id\":\"https:\\\/\\\/centreforlocalprosperity.ca\\\/#website\"},\"datePublished\":\"2024-09-25T16:45:56+00:00\",\"dateModified\":\"2024-10-04T18:54:41+00:00\",\"breadcrumb\":{\"@id\":\"https:\\\/\\\/centreforlocalprosperity.ca\\\/donate\\\/#breadcrumb\"},\"inLanguage\":\"fr-CA\",\"potentialAction\":[{\"@type\":\"ReadAction\",\"target\":[\"https:\\\/\\\/centreforlocalprosperity.ca\\\/donate\\\/\"]}]},{\"@type\":\"BreadcrumbList\",\"@id\":\"https:\\\/\\\/centreforlocalprosperity.ca\\\/donate\\\/#breadcrumb\",\"itemListElement\":[{\"@type\":\"ListItem\",\"position\":1,\"name\":\"Home\",\"item\":\"https:\\\/\\\/centreforlocalprosperity.ca\\\/\"},{\"@type\":\"ListItem\",\"position\":2,\"name\":\"Donate\"}]},{\"@type\":\"WebSite\",\"@id\":\"https:\\\/\\\/centreforlocalprosperity.ca\\\/#website\",\"url\":\"https:\\\/\\\/centreforlocalprosperity.ca\\\/\",\"name\":\"Centre For Local Prosperity\",\"description\":\"Building &amp; Sharing Local Prosperity In The Region\",\"publisher\":{\"@id\":\"https:\\\/\\\/centreforlocalprosperity.ca\\\/#organization\"},\"potentialAction\":[{\"@type\":\"SearchAction\",\"target\":{\"@type\":\"EntryPoint\",\"urlTemplate\":\"https:\\\/\\\/centreforlocalprosperity.ca\\\/?s={search_term_string}\"},\"query-input\":{\"@type\":\"PropertyValueSpecification\",\"valueRequired\":true,\"valueName\":\"search_term_string\"}}],\"inLanguage\":\"fr-CA\"},{\"@type\":\"Organization\",\"@id\":\"https:\\\/\\\/centreforlocalprosperity.ca\\\/#organization\",\"name\":\"Centre For Local Prosperity\",\"url\":\"https:\\\/\\\/centreforlocalprosperity.ca\\\/\",\"logo\":{\"@type\":\"ImageObject\",\"inLanguage\":\"fr-CA\",\"@id\":\"https:\\\/\\\/centreforlocalprosperity.ca\\\/#\\\/schema\\\/logo\\\/image\\\/\",\"url\":\"https:\\\/\\\/centreforlocalprosperity.ca\\\/wp-content\\\/uploads\\\/2014\\\/09\\\/login_cflp_375x44.png\",\"contentUrl\":\"https:\\\/\\\/centreforlocalprosperity.ca\\\/wp-content\\\/uploads\\\/2014\\\/09\\\/login_cflp_375x44.png\",\"width\":375,\"height\":44,\"caption\":\"Centre For Local Prosperity\"},\"image\":{\"@id\":\"https:\\\/\\\/centreforlocalprosperity.ca\\\/#\\\/schema\\\/logo\\\/image\\\/\"}}]}<\/script>\n<!-- \/ Yoast SEO plugin. -->","yoast_head_json":{"title":"Donate - Centre For Local Prosperity","robots":{"index":"index","follow":"follow","max-snippet":"max-snippet:-1","max-image-preview":"max-image-preview:large","max-video-preview":"max-video-preview:-1"},"canonical":"https:\/\/centreforlocalprosperity.ca\/fr\/donate\/","og_locale":"fr_CA","og_type":"article","og_title":"Donate - Centre For Local Prosperity","og_description":"Donate It\u2019s a simple fact: Donations allow us to do more. Donations have a tremendous impact. How to donate Paypal or Credit card Use the Donate buttons on our website [&hellip;]","og_url":"https:\/\/centreforlocalprosperity.ca\/fr\/donate\/","og_site_name":"Centre For Local Prosperity","article_modified_time":"2024-10-04T18:54:41+00:00","twitter_misc":{"Estimation du temps de lecture":"1 minute"},"schema":{"@context":"https:\/\/schema.org","@graph":[{"@type":"WebPage","@id":"https:\/\/centreforlocalprosperity.ca\/donate\/","url":"https:\/\/centreforlocalprosperity.ca\/donate\/","name":"Donate - Centre For Local Prosperity","isPartOf":{"@id":"https:\/\/centreforlocalprosperity.ca\/#website"},"datePublished":"2024-09-25T16:45:56+00:00","dateModified":"2024-10-04T18:54:41+00:00","breadcrumb":{"@id":"https:\/\/centreforlocalprosperity.ca\/donate\/#breadcrumb"},"inLanguage":"fr-CA","potentialAction":[{"@type":"ReadAction","target":["https:\/\/centreforlocalprosperity.ca\/donate\/"]}]},{"@type":"BreadcrumbList","@id":"https:\/\/centreforlocalprosperity.ca\/donate\/#breadcrumb","itemListElement":[{"@type":"ListItem","position":1,"name":"Home","item":"https:\/\/centreforlocalprosperity.ca\/"},{"@type":"ListItem","position":2,"name":"Donate"}]},{"@type":"WebSite","@id":"https:\/\/centreforlocalprosperity.ca\/#website","url":"https:\/\/centreforlocalprosperity.ca\/","name":"Centre pour la prosp\u00e9rit\u00e9 locale","description":"Building &amp; Sharing Local Prosperity In The Region","publisher":{"@id":"https:\/\/centreforlocalprosperity.ca\/#organization"},"potentialAction":[{"@type":"SearchAction","target":{"@type":"EntryPoint","urlTemplate":"https:\/\/centreforlocalprosperity.ca\/?s={search_term_string}"},"query-input":{"@type":"PropertyValueSpecification","valueRequired":true,"valueName":"search_term_string"}}],"inLanguage":"fr-CA"},{"@type":"Organization","@id":"https:\/\/centreforlocalprosperity.ca\/#organization","name":"Centre pour la prosp\u00e9rit\u00e9 locale","url":"https:\/\/centreforlocalprosperity.ca\/","logo":{"@type":"ImageObject","inLanguage":"fr-CA","@id":"https:\/\/centreforlocalprosperity.ca\/#\/schema\/logo\/image\/","url":"https:\/\/centreforlocalprosperity.ca\/wp-content\/uploads\/2014\/09\/login_cflp_375x44.png","contentUrl":"https:\/\/centreforlocalprosperity.ca\/wp-content\/uploads\/2014\/09\/login_cflp_375x44.png","width":375,"height":44,"caption":"Centre For Local Prosperity"},"image":{"@id":"https:\/\/centreforlocalprosperity.ca\/#\/schema\/logo\/image\/"}}]}},"jetpack_sharing_enabled":true,"_links":{"self":[{"href":"https:\/\/centreforlocalprosperity.ca\/fr\/wp-json\/wp\/v2\/pages\/5531","targetHints":{"allow":["GET"]}}],"collection":[{"href":"https:\/\/centreforlocalprosperity.ca\/fr\/wp-json\/wp\/v2\/pages"}],"about":[{"href":"https:\/\/centreforlocalprosperity.ca\/fr\/wp-json\/wp\/v2\/types\/page"}],"author":[{"embeddable":true,"href":"https:\/\/centreforlocalprosperity.ca\/fr\/wp-json\/wp\/v2\/users\/20"}],"replies":[{"embeddable":true,"href":"https:\/\/centreforlocalprosperity.ca\/fr\/wp-json\/wp\/v2\/comments?post=5531"}],"version-history":[{"count":5,"href":"https:\/\/centreforlocalprosperity.ca\/fr\/wp-json\/wp\/v2\/pages\/5531\/revisions"}],"predecessor-version":[{"id":5991,"href":"https:\/\/centreforlocalprosperity.ca\/fr\/wp-json\/wp\/v2\/pages\/5531\/revisions\/5991"}],"wp:attachment":[{"href":"https:\/\/centreforlocalprosperity.ca\/fr\/wp-json\/wp\/v2\/media?parent=5531"}],"curies":[{"name":"wp","href":"https:\/\/api.w.org\/{rel}","templated":true}]}}