{"id":6072,"date":"2024-10-11T12:11:03","date_gmt":"2024-10-11T15:11:03","guid":{"rendered":"https:\/\/centreforlocalprosperity.ca\/?page_id=6072"},"modified":"2024-10-28T22:35:44","modified_gmt":"2024-10-29T01:35:44","slug":"dig-in-atlantic-food-systems-summit","status":"publish","type":"page","link":"https:\/\/centreforlocalprosperity.ca\/fr\/our-projects\/dig-in-atlantic-food-systems-summit\/","title":{"rendered":"Dig In : Sommet sur les syst\u00e8mes alimentaires de l&#039;Atlantique"},"content":{"rendered":"<div class=\"wp-block-stackable-columns alignwide stk-block-columns stk-block stk-ff7f77a\" data-block-id=\"ff7f77a\"><style>.stk-ff7f77a-column{max-width:850px !important;min-width:auto !important;margin-right:auto !important;margin-left:auto !important;justify-content:center !important;}<\/style><div class=\"stk-row stk-inner-blocks stk-block-content stk-content-align stk-ff7f77a-column stk--flex alignwide\">\n<div class=\"wp-block-stackable-column stk-block-column stk-column stk-block stk-443997a\" data-v=\"4\" data-block-id=\"443997a\"><style>.stk-443997a-inner-blocks{align-items:center !important;}<\/style><div class=\"stk-column-wrapper stk-block-column__content stk-container stk-443997a-container stk--no-background stk--no-padding\"><div class=\"stk--column-flex stk-block-content stk-inner-blocks stk-443997a-inner-blocks\">\n<figure class=\"wp-block-image aligncenter size-full is-resized\"><img loading=\"lazy\" decoding=\"async\" width=\"264\" height=\"150\" src=\"https:\/\/centreforlocalprosperity.ca\/wp-content\/uploads\/2024\/10\/image-3.png\" alt=\"Dig In Logo\" class=\"wp-image-6074\" style=\"width:294px;height:auto\" srcset=\"https:\/\/centreforlocalprosperity.ca\/wp-content\/uploads\/2024\/10\/image-3.png 264w, https:\/\/centreforlocalprosperity.ca\/wp-content\/uploads\/2024\/10\/image-3-18x10.png 18w\" sizes=\"auto, (max-width: 264px) 100vw, 264px\" \/><\/figure>\n\n\n\n<p>CLP organise la deuxi\u00e8me \u00e9dition du Dig In Atlantic Food Systems Summit en partenariat avec l&#039;Atlantic Food Action Coalition, une organisation \u00e0 but non lucratif nouvellement cr\u00e9\u00e9e pour laquelle CLP agit actuellement en tant que secr\u00e9tariat, tandis que l&#039;AFAC construit ses fondations.<\/p>\n\n\n\n<div class=\"wp-block-stackable-button-group stk-block-button-group stk-block stk-b0e38ac\" data-block-id=\"b0e38ac\"><style>.stk-b0e38ac .stk-button-group{flex-direction:row !important;}.stk-b0e38ac {margin-bottom:45px !important;}@media screen and (max-width:999px){.stk-b0e38ac .stk-button-group{flex-direction:row !important;}}@media screen and (max-width:689px){.stk-b0e38ac .stk-button-group{flex-direction:row !important;}}<\/style><div class=\"stk-row stk-inner-blocks has-text-align-center stk-block-content stk-button-group\">\n<div class=\"wp-block-stackable-button stk-block-button stk-block stk-f593818\" data-block-id=\"f593818\"><style>.stk-f593818 .stk-button{background:var(--theme-palette-color-5, #aaebfb) !important;border-top-left-radius:5px !important;border-top-right-radius:5px !important;border-bottom-right-radius:5px !important;border-bottom-left-radius:5px !important;}.stk-f593818 .stk-button__inner-text{color:var(--theme-palette-color-3, #37302e) !important;}<\/style><a class=\"stk-link stk-button stk--hover-effect-scale\" href=\"https:\/\/foodsummit.ca\/\u00a0\"><span class=\"has-text-color stk-button__inner-text\">Dig In : Site Web du Sommet sur les syst\u00e8mes alimentaires de l&#039;Atlantique<\/span><\/a><\/div>\n<\/div><\/div>\n<\/div><\/div><\/div>\n<\/div><\/div>\n\n\n\n<div class=\"wp-block-group has-palette-color-8-background-color has-background is-layout-constrained wp-block-group-is-layout-constrained\" style=\"border-radius:15px\">\n<h2 class=\"wp-block-heading has-text-align-center\">ACHETEZ VOS BILLETS via Eventbrite<\/h2>\n\n\n<div id=\"eventbrite-widget-1\" class=\"wp-block-jetpack-eventbrite wp-block-jetpack-eventbrite--embed\"><a href=\"https:\/\/www.eventbrite.ca\/e\/dig-in-20-atlantic-canada-food-systems-summit-tickets-1003048142997?aff=oddtdtcreator\" rel=\"noopener noreferrer\" target=\"_blank\" class=\"eventbrite__direct-link\" >Register on Eventbrite<\/a><\/div><\/div>","protected":false},"excerpt":{"rendered":"<p>CLP is organizing the second iteration of the Dig In Atlantic Food Systems Summit in partnership with the Atlantic Food Action Coalition, a newly formed not-for-profit organization that CLP is [&hellip;]<\/p>\n","protected":false},"author":20,"featured_media":0,"parent":5518,"menu_order":0,"comment_status":"closed","ping_status":"closed","template":"","meta":{"_acf_changed":false,"episode_type":"","audio_file":"","podmotor_file_id":"","podmotor_episode_id":"","cover_image":"","cover_image_id":"","duration":"","filesize":"","filesize_raw":"","date_recorded":"","explicit":"","block":"","itunes_episode_number":"","itunes_title":"","itunes_season_number":"","itunes_episode_type":"","footnotes":""},"class_list":["post-6072","page","type-page","status-publish","hentry"],"blocksy_meta":{"background":{"background_type":"color","background_pattern":"type-1","background_image":{"attachment_id":null,"x":0,"y":0},"gradient":"linear-gradient(135deg,rgba(6,147,227,1) 0%,rgb(155,81,224) 100%)","background_repeat":"repeat","background_size":"auto","background_attachment":"scroll","patternColor":{"default":{"color":"#e5e7ea"}},"overlayColor":{"default":{"color":"CT_CSS_SKIP_RULE"}},"backgroundColor":{"default":{"color":"var(--theme-palette-color-10)"}}},"styles_descriptor":{"styles":{"desktop":"[data-prefix=\"single_page\"] {background-color:var(--theme-palette-color-10);background-image:none;}","tablet":"","mobile":""},"google_fonts":[],"version":6}},"acf":[],"yoast_head":"<!-- This site is optimized with the Yoast SEO plugin v27.3 - https:\/\/yoast.com\/product\/yoast-seo-wordpress\/ -->\n<title>Dig In : Atlantic Food Systems Summit - Centre For Local Prosperity<\/title>\n<meta name=\"robots\" content=\"index, follow, max-snippet:-1, max-image-preview:large, max-video-preview:-1\" \/>\n<link rel=\"canonical\" href=\"https:\/\/centreforlocalprosperity.ca\/fr\/our-projects\/dig-in-atlantic-food-systems-summit\/\" \/>\n<meta property=\"og:locale\" content=\"fr_CA\" \/>\n<meta property=\"og:type\" content=\"article\" \/>\n<meta property=\"og:title\" content=\"Dig In : Atlantic Food Systems Summit - Centre For Local Prosperity\" \/>\n<meta property=\"og:description\" content=\"CLP is organizing the second iteration of the Dig In Atlantic Food Systems Summit in partnership with the Atlantic Food Action Coalition, a newly formed not-for-profit organization that CLP is [&hellip;]\" \/>\n<meta property=\"og:url\" content=\"https:\/\/centreforlocalprosperity.ca\/fr\/our-projects\/dig-in-atlantic-food-systems-summit\/\" \/>\n<meta property=\"og:site_name\" content=\"Centre For Local Prosperity\" \/>\n<meta property=\"article:modified_time\" content=\"2024-10-29T01:35:44+00:00\" \/>\n<meta property=\"og:image\" content=\"https:\/\/centreforlocalprosperity.ca\/wp-content\/uploads\/2024\/10\/image-3.png\" \/>\n\t<meta property=\"og:image:width\" content=\"264\" \/>\n\t<meta property=\"og:image:height\" content=\"150\" \/>\n\t<meta property=\"og:image:type\" content=\"image\/png\" \/>\n<meta name=\"twitter:label1\" content=\"Estimation du temps de lecture\" \/>\n\t<meta name=\"twitter:data1\" content=\"1 minute\" \/>\n<script type=\"application\/ld+json\" class=\"yoast-schema-graph\">{\"@context\":\"https:\\\/\\\/schema.org\",\"@graph\":[{\"@type\":\"WebPage\",\"@id\":\"https:\\\/\\\/centreforlocalprosperity.ca\\\/our-projects\\\/dig-in-atlantic-food-systems-summit\\\/\",\"url\":\"https:\\\/\\\/centreforlocalprosperity.ca\\\/our-projects\\\/dig-in-atlantic-food-systems-summit\\\/\",\"name\":\"Dig In : Atlantic Food Systems Summit - Centre For Local Prosperity\",\"isPartOf\":{\"@id\":\"https:\\\/\\\/centreforlocalprosperity.ca\\\/#website\"},\"primaryImageOfPage\":{\"@id\":\"https:\\\/\\\/centreforlocalprosperity.ca\\\/our-projects\\\/dig-in-atlantic-food-systems-summit\\\/#primaryimage\"},\"image\":{\"@id\":\"https:\\\/\\\/centreforlocalprosperity.ca\\\/our-projects\\\/dig-in-atlantic-food-systems-summit\\\/#primaryimage\"},\"thumbnailUrl\":\"https:\\\/\\\/centreforlocalprosperity.ca\\\/wp-content\\\/uploads\\\/2024\\\/10\\\/image-3.png\",\"datePublished\":\"2024-10-11T15:11:03+00:00\",\"dateModified\":\"2024-10-29T01:35:44+00:00\",\"breadcrumb\":{\"@id\":\"https:\\\/\\\/centreforlocalprosperity.ca\\\/our-projects\\\/dig-in-atlantic-food-systems-summit\\\/#breadcrumb\"},\"inLanguage\":\"fr-CA\",\"potentialAction\":[{\"@type\":\"ReadAction\",\"target\":[\"https:\\\/\\\/centreforlocalprosperity.ca\\\/our-projects\\\/dig-in-atlantic-food-systems-summit\\\/\"]}]},{\"@type\":\"ImageObject\",\"inLanguage\":\"fr-CA\",\"@id\":\"https:\\\/\\\/centreforlocalprosperity.ca\\\/our-projects\\\/dig-in-atlantic-food-systems-summit\\\/#primaryimage\",\"url\":\"https:\\\/\\\/centreforlocalprosperity.ca\\\/wp-content\\\/uploads\\\/2024\\\/10\\\/image-3.png\",\"contentUrl\":\"https:\\\/\\\/centreforlocalprosperity.ca\\\/wp-content\\\/uploads\\\/2024\\\/10\\\/image-3.png\"},{\"@type\":\"BreadcrumbList\",\"@id\":\"https:\\\/\\\/centreforlocalprosperity.ca\\\/our-projects\\\/dig-in-atlantic-food-systems-summit\\\/#breadcrumb\",\"itemListElement\":[{\"@type\":\"ListItem\",\"position\":1,\"name\":\"Home\",\"item\":\"https:\\\/\\\/centreforlocalprosperity.ca\\\/\"},{\"@type\":\"ListItem\",\"position\":2,\"name\":\"Our Projects\",\"item\":\"https:\\\/\\\/centreforlocalprosperity.ca\\\/our-projects\\\/\"},{\"@type\":\"ListItem\",\"position\":3,\"name\":\"Dig In : Atlantic Food Systems Summit\"}]},{\"@type\":\"WebSite\",\"@id\":\"https:\\\/\\\/centreforlocalprosperity.ca\\\/#website\",\"url\":\"https:\\\/\\\/centreforlocalprosperity.ca\\\/\",\"name\":\"Centre For Local Prosperity\",\"description\":\"Building &amp; Sharing Local Prosperity In The Region\",\"publisher\":{\"@id\":\"https:\\\/\\\/centreforlocalprosperity.ca\\\/#organization\"},\"potentialAction\":[{\"@type\":\"SearchAction\",\"target\":{\"@type\":\"EntryPoint\",\"urlTemplate\":\"https:\\\/\\\/centreforlocalprosperity.ca\\\/?s={search_term_string}\"},\"query-input\":{\"@type\":\"PropertyValueSpecification\",\"valueRequired\":true,\"valueName\":\"search_term_string\"}}],\"inLanguage\":\"fr-CA\"},{\"@type\":\"Organization\",\"@id\":\"https:\\\/\\\/centreforlocalprosperity.ca\\\/#organization\",\"name\":\"Centre For Local Prosperity\",\"url\":\"https:\\\/\\\/centreforlocalprosperity.ca\\\/\",\"logo\":{\"@type\":\"ImageObject\",\"inLanguage\":\"fr-CA\",\"@id\":\"https:\\\/\\\/centreforlocalprosperity.ca\\\/#\\\/schema\\\/logo\\\/image\\\/\",\"url\":\"https:\\\/\\\/centreforlocalprosperity.ca\\\/wp-content\\\/uploads\\\/2014\\\/09\\\/login_cflp_375x44.png\",\"contentUrl\":\"https:\\\/\\\/centreforlocalprosperity.ca\\\/wp-content\\\/uploads\\\/2014\\\/09\\\/login_cflp_375x44.png\",\"width\":375,\"height\":44,\"caption\":\"Centre For Local Prosperity\"},\"image\":{\"@id\":\"https:\\\/\\\/centreforlocalprosperity.ca\\\/#\\\/schema\\\/logo\\\/image\\\/\"}}]}<\/script>\n<!-- \/ Yoast SEO plugin. -->","yoast_head_json":{"title":"Dig In : Atlantic Food Systems Summit - Centre For Local Prosperity","robots":{"index":"index","follow":"follow","max-snippet":"max-snippet:-1","max-image-preview":"max-image-preview:large","max-video-preview":"max-video-preview:-1"},"canonical":"https:\/\/centreforlocalprosperity.ca\/fr\/our-projects\/dig-in-atlantic-food-systems-summit\/","og_locale":"fr_CA","og_type":"article","og_title":"Dig In : Atlantic Food Systems Summit - Centre For Local Prosperity","og_description":"CLP is organizing the second iteration of the Dig In Atlantic Food Systems Summit in partnership with the Atlantic Food Action Coalition, a newly formed not-for-profit organization that CLP is [&hellip;]","og_url":"https:\/\/centreforlocalprosperity.ca\/fr\/our-projects\/dig-in-atlantic-food-systems-summit\/","og_site_name":"Centre For Local Prosperity","article_modified_time":"2024-10-29T01:35:44+00:00","og_image":[{"width":264,"height":150,"url":"https:\/\/centreforlocalprosperity.ca\/wp-content\/uploads\/2024\/10\/image-3.png","type":"image\/png"}],"twitter_misc":{"Estimation du temps de lecture":"1 minute"},"schema":{"@context":"https:\/\/schema.org","@graph":[{"@type":"WebPage","@id":"https:\/\/centreforlocalprosperity.ca\/our-projects\/dig-in-atlantic-food-systems-summit\/","url":"https:\/\/centreforlocalprosperity.ca\/our-projects\/dig-in-atlantic-food-systems-summit\/","name":"Dig In : Atlantic Food Systems Summit - Centre For Local Prosperity","isPartOf":{"@id":"https:\/\/centreforlocalprosperity.ca\/#website"},"primaryImageOfPage":{"@id":"https:\/\/centreforlocalprosperity.ca\/our-projects\/dig-in-atlantic-food-systems-summit\/#primaryimage"},"image":{"@id":"https:\/\/centreforlocalprosperity.ca\/our-projects\/dig-in-atlantic-food-systems-summit\/#primaryimage"},"thumbnailUrl":"https:\/\/centreforlocalprosperity.ca\/wp-content\/uploads\/2024\/10\/image-3.png","datePublished":"2024-10-11T15:11:03+00:00","dateModified":"2024-10-29T01:35:44+00:00","breadcrumb":{"@id":"https:\/\/centreforlocalprosperity.ca\/our-projects\/dig-in-atlantic-food-systems-summit\/#breadcrumb"},"inLanguage":"fr-CA","potentialAction":[{"@type":"ReadAction","target":["https:\/\/centreforlocalprosperity.ca\/our-projects\/dig-in-atlantic-food-systems-summit\/"]}]},{"@type":"ImageObject","inLanguage":"fr-CA","@id":"https:\/\/centreforlocalprosperity.ca\/our-projects\/dig-in-atlantic-food-systems-summit\/#primaryimage","url":"https:\/\/centreforlocalprosperity.ca\/wp-content\/uploads\/2024\/10\/image-3.png","contentUrl":"https:\/\/centreforlocalprosperity.ca\/wp-content\/uploads\/2024\/10\/image-3.png"},{"@type":"BreadcrumbList","@id":"https:\/\/centreforlocalprosperity.ca\/our-projects\/dig-in-atlantic-food-systems-summit\/#breadcrumb","itemListElement":[{"@type":"ListItem","position":1,"name":"Home","item":"https:\/\/centreforlocalprosperity.ca\/"},{"@type":"ListItem","position":2,"name":"Our Projects","item":"https:\/\/centreforlocalprosperity.ca\/our-projects\/"},{"@type":"ListItem","position":3,"name":"Dig In : Atlantic Food Systems Summit"}]},{"@type":"WebSite","@id":"https:\/\/centreforlocalprosperity.ca\/#website","url":"https:\/\/centreforlocalprosperity.ca\/","name":"Centre pour la prosp\u00e9rit\u00e9 locale","description":"Building &amp; Sharing Local Prosperity In The Region","publisher":{"@id":"https:\/\/centreforlocalprosperity.ca\/#organization"},"potentialAction":[{"@type":"SearchAction","target":{"@type":"EntryPoint","urlTemplate":"https:\/\/centreforlocalprosperity.ca\/?s={search_term_string}"},"query-input":{"@type":"PropertyValueSpecification","valueRequired":true,"valueName":"search_term_string"}}],"inLanguage":"fr-CA"},{"@type":"Organization","@id":"https:\/\/centreforlocalprosperity.ca\/#organization","name":"Centre pour la prosp\u00e9rit\u00e9 locale","url":"https:\/\/centreforlocalprosperity.ca\/","logo":{"@type":"ImageObject","inLanguage":"fr-CA","@id":"https:\/\/centreforlocalprosperity.ca\/#\/schema\/logo\/image\/","url":"https:\/\/centreforlocalprosperity.ca\/wp-content\/uploads\/2014\/09\/login_cflp_375x44.png","contentUrl":"https:\/\/centreforlocalprosperity.ca\/wp-content\/uploads\/2014\/09\/login_cflp_375x44.png","width":375,"height":44,"caption":"Centre For Local Prosperity"},"image":{"@id":"https:\/\/centreforlocalprosperity.ca\/#\/schema\/logo\/image\/"}}]}},"jetpack_sharing_enabled":true,"_links":{"self":[{"href":"https:\/\/centreforlocalprosperity.ca\/fr\/wp-json\/wp\/v2\/pages\/6072","targetHints":{"allow":["GET"]}}],"collection":[{"href":"https:\/\/centreforlocalprosperity.ca\/fr\/wp-json\/wp\/v2\/pages"}],"about":[{"href":"https:\/\/centreforlocalprosperity.ca\/fr\/wp-json\/wp\/v2\/types\/page"}],"author":[{"embeddable":true,"href":"https:\/\/centreforlocalprosperity.ca\/fr\/wp-json\/wp\/v2\/users\/20"}],"replies":[{"embeddable":true,"href":"https:\/\/centreforlocalprosperity.ca\/fr\/wp-json\/wp\/v2\/comments?post=6072"}],"version-history":[{"count":5,"href":"https:\/\/centreforlocalprosperity.ca\/fr\/wp-json\/wp\/v2\/pages\/6072\/revisions"}],"predecessor-version":[{"id":6078,"href":"https:\/\/centreforlocalprosperity.ca\/fr\/wp-json\/wp\/v2\/pages\/6072\/revisions\/6078"}],"up":[{"embeddable":true,"href":"https:\/\/centreforlocalprosperity.ca\/fr\/wp-json\/wp\/v2\/pages\/5518"}],"wp:attachment":[{"href":"https:\/\/centreforlocalprosperity.ca\/fr\/wp-json\/wp\/v2\/media?parent=6072"}],"curies":[{"name":"wp","href":"https:\/\/api.w.org\/{rel}","templated":true}]}}