{"id":882,"date":"2015-12-29T20:37:14","date_gmt":"2015-12-30T00:37:14","guid":{"rendered":"https:\/\/centreforlocalprosperity.ca\/?page_id=882"},"modified":"2025-07-28T10:08:07","modified_gmt":"2025-07-28T13:08:07","slug":"local-prosperity-april-2015","status":"publish","type":"page","link":"https:\/\/centreforlocalprosperity.ca\/fr\/local-prosperity-april-2015\/","title":{"rendered":"Local Prosperity April 2015"},"content":{"rendered":"<p>Le premier <strong>Conf\u00e9rence sur la prosp\u00e9rit\u00e9 locale<\/strong> qui s&#039;est tenu \u00e0 Annapolis Royal, en Nouvelle-\u00c9cosse, en avril 2015, \u00e9tait compos\u00e9 de deux \u00e9v\u00e9nements combin\u00e9s en un seul. <strong>Festival Up!Skilling<\/strong> \u00e9tait ouvert au public et offrait l&#039;occasion d&#039;apprendre une gamme de comp\u00e9tences, d&#039;artisanats et de m\u00e9tiers \u00ab \u00e0 faire soi-m\u00eame \u00bb enseign\u00e9s par des enseignants exp\u00e9riment\u00e9s. La conf\u00e9rence principale, Prosp\u00e9rit\u00e9 locale : Nouvelle \u00e9conomie pour le Canada rural, a \u00e9t\u00e9 une exp\u00e9rience de deux jours et demi ax\u00e9e sur la vision, la pratique et l&#039;action. Nous avons explor\u00e9 les possibilit\u00e9s, appris des autres et nous nous sommes pr\u00e9par\u00e9s \u00e0 rentrer chez nous et \u00e0 mettre en \u0153uvre de nouveaux outils de d\u00e9veloppement communautaire.<\/p>\n\n\n\n<p>Cette conf\u00e9rence s&#039;est concentr\u00e9e sur la mani\u00e8re dont les individus, les entreprises et les communaut\u00e9s peuvent concevoir puis mettre en \u0153uvre un plan pratique pour un avenir prosp\u00e8re et une \u00e9conomie saine - un avenir coop\u00e9ratif, bienveillant et \u00e0 long terme. Une \u00e9conomie qui conduit les gens vers un travail significatif et digne, qui respecte le capital naturel et qui refl\u00e8te une culture de croissance et d&#039;harmonie.<\/p>\n\n\n\n<p>Regardez la bande-annonce r\u00e9capitulative de la conf\u00e9rence d&#039;avril 2015\u00a0:<\/p>\n\n\n\n<figure class=\"wp-block-embed is-type-video is-provider-youtube wp-block-embed-youtube wp-embed-aspect-16-9 wp-has-aspect-ratio\"><div class=\"wp-block-embed__wrapper\">\n<iframe loading=\"lazy\" title=\"Conf\u00e9rence sur la prosp\u00e9rit\u00e9 locale d&#039;avril 2015 : bande-annonce r\u00e9capitulative\" width=\"1290\" height=\"726\" src=\"https:\/\/www.youtube.com\/embed\/O2nxMs3Va9k?feature=oembed\" frameborder=\"0\" allow=\"accelerometer; autoplay; clipboard-write; encrypted-media; gyroscope; picture-in-picture; web-share\" referrerpolicy=\"strict-origin-when-cross-origin\" allowfullscreen><\/iframe>\n<\/div><\/figure>\n\n\n\n<ul class=\"wp-block-list\">\n<li><span style=\"font-size: 14pt;\"><strong><span style=\"font-family: arial,helvetica,sans-serif;\"><a href=\"https:\/\/centreforlocalprosperity.ca\/fr\/local-prosperity-april-2015\/conference-materials\/\">Documents de conf\u00e9rence<\/a><\/span><\/strong><\/span><\/li>\n\n\n\n<li><span style=\"font-size: 14pt;\"><strong><span style=\"font-family: arial,helvetica,sans-serif;\"><a href=\"https:\/\/centreforlocalprosperity.ca\/fr\/local-prosperity-april-2015\/speakers\/\">Intervenants<\/a><\/span><\/strong><\/span><\/li>\n\n\n\n<li><span style=\"font-size: 14pt;\"><strong><span style=\"font-family: arial,helvetica,sans-serif;\"><a href=\"https:\/\/centreforlocalprosperity.ca\/fr\/local-prosperity-april-2015\/delegates\/\">D\u00e9l\u00e9gu\u00e9s<\/a><\/span><\/strong><\/span><\/li>\n\n\n\n<li><span style=\"font-family: arial,helvetica,sans-serif; font-size: 14pt;\"><strong><a href=\"https:\/\/centreforlocalprosperity.ca\/fr\/local-prosperity-april-2015\/conference-locations\/\">Lieux de conf\u00e9rence<\/a><\/strong><\/span><\/li>\n\n\n\n<li><span style=\"font-size: 14pt;\"><strong><span style=\"font-family: arial,helvetica,sans-serif;\"><a href=\"https:\/\/centreforlocalprosperity.ca\/fr\/local-prosperity-april-2015\/upskilling\/\">Programme du festival UP!Skilling<\/a><\/span><\/strong><\/span><\/li>\n\n\n\n<li><span style=\"font-family: arial,helvetica,sans-serif; font-size: 14pt;\"><strong><a href=\"https:\/\/centreforlocalprosperity.ca\/fr\/local-prosperity-april-2015\/local-prosperity-conference-schedule\/\">Programme de la conf\u00e9rence sur la prosp\u00e9rit\u00e9 locale<\/a><\/strong><\/span><\/li>\n<\/ul>\n\n\n\n<p><\/p>","protected":false},"excerpt":{"rendered":"<p>The first Local Prosperity Conference held in Annapolis Royal, NS in April 2015 was two events combined into one. A one-day Up!Skilling Festival was open to the public and provided [&hellip;]<\/p>\n","protected":false},"author":1,"featured_media":0,"parent":0,"menu_order":0,"comment_status":"open","ping_status":"open","template":"","meta":{"_acf_changed":false,"episode_type":"","audio_file":"","podmotor_file_id":"","podmotor_episode_id":"","cover_image":"","cover_image_id":"","duration":"","filesize":"","filesize_raw":"","date_recorded":"","explicit":"","block":"","itunes_episode_number":"","itunes_title":"","itunes_season_number":"","itunes_episode_type":"","footnotes":""},"class_list":["post-882","page","type-page","status-publish","hentry"],"blocksy_meta":[],"acf":[],"yoast_head":"<!-- This site is optimized with the Yoast SEO plugin v27.3 - https:\/\/yoast.com\/product\/yoast-seo-wordpress\/ -->\n<title>Local Prosperity April 2015<\/title>\n<meta name=\"description\" content=\"Terms Of Service\" \/>\n<meta name=\"robots\" content=\"index, follow, max-snippet:-1, max-image-preview:large, max-video-preview:-1\" \/>\n<link rel=\"canonical\" href=\"https:\/\/centreforlocalprosperity.ca\/fr\/local-prosperity-april-2015\/\" \/>\n<meta property=\"og:locale\" content=\"fr_CA\" \/>\n<meta property=\"og:type\" content=\"article\" \/>\n<meta property=\"og:title\" content=\"Local Prosperity April 2015\" \/>\n<meta property=\"og:description\" content=\"Terms Of Service\" \/>\n<meta property=\"og:url\" content=\"https:\/\/centreforlocalprosperity.ca\/fr\/local-prosperity-april-2015\/\" \/>\n<meta property=\"og:site_name\" content=\"Centre For Local Prosperity\" \/>\n<meta property=\"article:modified_time\" content=\"2025-07-28T13:08:07+00:00\" \/>\n<meta name=\"twitter:label1\" content=\"Estimation du temps de lecture\" \/>\n\t<meta name=\"twitter:data1\" content=\"1 minute\" \/>\n<script type=\"application\/ld+json\" class=\"yoast-schema-graph\">{\"@context\":\"https:\\\/\\\/schema.org\",\"@graph\":[{\"@type\":\"WebPage\",\"@id\":\"https:\\\/\\\/centreforlocalprosperity.ca\\\/local-prosperity-april-2015\\\/\",\"url\":\"https:\\\/\\\/centreforlocalprosperity.ca\\\/local-prosperity-april-2015\\\/\",\"name\":\"Local Prosperity April 2015\",\"isPartOf\":{\"@id\":\"https:\\\/\\\/centreforlocalprosperity.ca\\\/#website\"},\"datePublished\":\"2015-12-30T00:37:14+00:00\",\"dateModified\":\"2025-07-28T13:08:07+00:00\",\"description\":\"Terms Of Service\",\"breadcrumb\":{\"@id\":\"https:\\\/\\\/centreforlocalprosperity.ca\\\/local-prosperity-april-2015\\\/#breadcrumb\"},\"inLanguage\":\"fr-CA\",\"potentialAction\":[{\"@type\":\"ReadAction\",\"target\":[\"https:\\\/\\\/centreforlocalprosperity.ca\\\/local-prosperity-april-2015\\\/\"]}]},{\"@type\":\"BreadcrumbList\",\"@id\":\"https:\\\/\\\/centreforlocalprosperity.ca\\\/local-prosperity-april-2015\\\/#breadcrumb\",\"itemListElement\":[{\"@type\":\"ListItem\",\"position\":1,\"name\":\"Home\",\"item\":\"https:\\\/\\\/centreforlocalprosperity.ca\\\/\"},{\"@type\":\"ListItem\",\"position\":2,\"name\":\"Local Prosperity April 2015\"}]},{\"@type\":\"WebSite\",\"@id\":\"https:\\\/\\\/centreforlocalprosperity.ca\\\/#website\",\"url\":\"https:\\\/\\\/centreforlocalprosperity.ca\\\/\",\"name\":\"Centre For Local Prosperity\",\"description\":\"Building &amp; Sharing Local Prosperity In The Region\",\"publisher\":{\"@id\":\"https:\\\/\\\/centreforlocalprosperity.ca\\\/#organization\"},\"potentialAction\":[{\"@type\":\"SearchAction\",\"target\":{\"@type\":\"EntryPoint\",\"urlTemplate\":\"https:\\\/\\\/centreforlocalprosperity.ca\\\/?s={search_term_string}\"},\"query-input\":{\"@type\":\"PropertyValueSpecification\",\"valueRequired\":true,\"valueName\":\"search_term_string\"}}],\"inLanguage\":\"fr-CA\"},{\"@type\":\"Organization\",\"@id\":\"https:\\\/\\\/centreforlocalprosperity.ca\\\/#organization\",\"name\":\"Centre For Local Prosperity\",\"url\":\"https:\\\/\\\/centreforlocalprosperity.ca\\\/\",\"logo\":{\"@type\":\"ImageObject\",\"inLanguage\":\"fr-CA\",\"@id\":\"https:\\\/\\\/centreforlocalprosperity.ca\\\/#\\\/schema\\\/logo\\\/image\\\/\",\"url\":\"https:\\\/\\\/centreforlocalprosperity.ca\\\/wp-content\\\/uploads\\\/2014\\\/09\\\/login_cflp_375x44.png\",\"contentUrl\":\"https:\\\/\\\/centreforlocalprosperity.ca\\\/wp-content\\\/uploads\\\/2014\\\/09\\\/login_cflp_375x44.png\",\"width\":375,\"height\":44,\"caption\":\"Centre For Local Prosperity\"},\"image\":{\"@id\":\"https:\\\/\\\/centreforlocalprosperity.ca\\\/#\\\/schema\\\/logo\\\/image\\\/\"}}]}<\/script>\n<!-- \/ Yoast SEO plugin. -->","yoast_head_json":{"title":"Local Prosperity April 2015","description":"Terms Of Service","robots":{"index":"index","follow":"follow","max-snippet":"max-snippet:-1","max-image-preview":"max-image-preview:large","max-video-preview":"max-video-preview:-1"},"canonical":"https:\/\/centreforlocalprosperity.ca\/fr\/local-prosperity-april-2015\/","og_locale":"fr_CA","og_type":"article","og_title":"Local Prosperity April 2015","og_description":"Terms Of Service","og_url":"https:\/\/centreforlocalprosperity.ca\/fr\/local-prosperity-april-2015\/","og_site_name":"Centre For Local Prosperity","article_modified_time":"2025-07-28T13:08:07+00:00","twitter_misc":{"Estimation du temps de lecture":"1 minute"},"schema":{"@context":"https:\/\/schema.org","@graph":[{"@type":"WebPage","@id":"https:\/\/centreforlocalprosperity.ca\/local-prosperity-april-2015\/","url":"https:\/\/centreforlocalprosperity.ca\/local-prosperity-april-2015\/","name":"Local Prosperity April 2015","isPartOf":{"@id":"https:\/\/centreforlocalprosperity.ca\/#website"},"datePublished":"2015-12-30T00:37:14+00:00","dateModified":"2025-07-28T13:08:07+00:00","description":"Terms Of Service","breadcrumb":{"@id":"https:\/\/centreforlocalprosperity.ca\/local-prosperity-april-2015\/#breadcrumb"},"inLanguage":"fr-CA","potentialAction":[{"@type":"ReadAction","target":["https:\/\/centreforlocalprosperity.ca\/local-prosperity-april-2015\/"]}]},{"@type":"BreadcrumbList","@id":"https:\/\/centreforlocalprosperity.ca\/local-prosperity-april-2015\/#breadcrumb","itemListElement":[{"@type":"ListItem","position":1,"name":"Home","item":"https:\/\/centreforlocalprosperity.ca\/"},{"@type":"ListItem","position":2,"name":"Local Prosperity April 2015"}]},{"@type":"WebSite","@id":"https:\/\/centreforlocalprosperity.ca\/#website","url":"https:\/\/centreforlocalprosperity.ca\/","name":"Centre pour la prosp\u00e9rit\u00e9 locale","description":"Building &amp; Sharing Local Prosperity In The Region","publisher":{"@id":"https:\/\/centreforlocalprosperity.ca\/#organization"},"potentialAction":[{"@type":"SearchAction","target":{"@type":"EntryPoint","urlTemplate":"https:\/\/centreforlocalprosperity.ca\/?s={search_term_string}"},"query-input":{"@type":"PropertyValueSpecification","valueRequired":true,"valueName":"search_term_string"}}],"inLanguage":"fr-CA"},{"@type":"Organization","@id":"https:\/\/centreforlocalprosperity.ca\/#organization","name":"Centre pour la prosp\u00e9rit\u00e9 locale","url":"https:\/\/centreforlocalprosperity.ca\/","logo":{"@type":"ImageObject","inLanguage":"fr-CA","@id":"https:\/\/centreforlocalprosperity.ca\/#\/schema\/logo\/image\/","url":"https:\/\/centreforlocalprosperity.ca\/wp-content\/uploads\/2014\/09\/login_cflp_375x44.png","contentUrl":"https:\/\/centreforlocalprosperity.ca\/wp-content\/uploads\/2014\/09\/login_cflp_375x44.png","width":375,"height":44,"caption":"Centre For Local Prosperity"},"image":{"@id":"https:\/\/centreforlocalprosperity.ca\/#\/schema\/logo\/image\/"}}]}},"jetpack_sharing_enabled":true,"_links":{"self":[{"href":"https:\/\/centreforlocalprosperity.ca\/fr\/wp-json\/wp\/v2\/pages\/882","targetHints":{"allow":["GET"]}}],"collection":[{"href":"https:\/\/centreforlocalprosperity.ca\/fr\/wp-json\/wp\/v2\/pages"}],"about":[{"href":"https:\/\/centreforlocalprosperity.ca\/fr\/wp-json\/wp\/v2\/types\/page"}],"author":[{"embeddable":true,"href":"https:\/\/centreforlocalprosperity.ca\/fr\/wp-json\/wp\/v2\/users\/1"}],"replies":[{"embeddable":true,"href":"https:\/\/centreforlocalprosperity.ca\/fr\/wp-json\/wp\/v2\/comments?post=882"}],"version-history":[{"count":2,"href":"https:\/\/centreforlocalprosperity.ca\/fr\/wp-json\/wp\/v2\/pages\/882\/revisions"}],"predecessor-version":[{"id":6412,"href":"https:\/\/centreforlocalprosperity.ca\/fr\/wp-json\/wp\/v2\/pages\/882\/revisions\/6412"}],"wp:attachment":[{"href":"https:\/\/centreforlocalprosperity.ca\/fr\/wp-json\/wp\/v2\/media?parent=882"}],"curies":[{"name":"wp","href":"https:\/\/api.w.org\/{rel}","templated":true}]}}